{"id":8831,"date":"2023-01-11T12:22:29","date_gmt":"2023-01-11T10:22:29","guid":{"rendered":"https:\/\/zaxseaview.gr\/culture\/"},"modified":"2023-08-10T09:37:07","modified_gmt":"2023-08-10T06:37:07","slug":"culture","status":"publish","type":"page","link":"https:\/\/zaxseaview.gr\/de\/culture\/","title":{"rendered":"KULTUR"},"content":{"rendered":"\t\t<div data-elementor-type=\"wp-page\" data-elementor-id=\"8831\" class=\"elementor elementor-8831 elementor-6257\">\n\t\t\t\t\t\t<section class=\"elementor-section elementor-top-section elementor-element elementor-element-1ca64fb9 elementor-section-stretched elementor-section-boxed elementor-section-height-default elementor-section-height-default\" data-id=\"1ca64fb9\" data-element_type=\"section\" data-settings=\"{&quot;stretch_section&quot;:&quot;section-stretched&quot;}\">\n\t\t\t\t\t\t<div class=\"elementor-container elementor-column-gap-default\">\n\t\t\t\t\t<div class=\"elementor-column elementor-col-100 elementor-top-column elementor-element elementor-element-440b1d49\" data-id=\"440b1d49\" data-element_type=\"column\">\n\t\t\t<div class=\"elementor-widget-wrap elementor-element-populated\">\n\t\t\t\t\t\t<div class=\"elementor-element elementor-element-7458fea6 elementor-widget elementor-widget-text-editor\" data-id=\"7458fea6\" data-element_type=\"widget\" data-widget_type=\"text-editor.default\">\n\t\t\t\t<div class=\"elementor-widget-container\">\n\t\t\t\t\t\t\t<p>Die minoische Zivilisation begann 3500 v. Chr. und stellt die erste entwickelte Zivilisation in Europa dar. Sie hinterlie\u00df ein Erbe von gro\u00dfen Geb\u00e4udekomplexen, hochentwickelter Kunst und Schriftsystemen. All dies kann bei einem Besuch des Knossos-Komplexes und des Arch\u00e4ologischen Museums von Heraklion bewundert werden.<\/p><p>Mit einer Geschichte von 5000 Jahren w\u00e4re jeder Versuch, diese Zivilisation in ein paar Abs\u00e4tzen zusammenzufassen, sinnlos. Sie k\u00f6nnen sie jedoch auf den folgenden Seiten entdecken.<\/p><p><a href=\"https:\/\/www.discovergreece.com\/travel-ideas\/cover-story\/discover-cretan-way-life\">https:\/\/www.discovergreece.com\/travel-ideas\/cover-story\/discover-cretan-way-life<\/a><\/p>\t\t\t\t\t\t<\/div>\n\t\t\t\t<\/div>\n\t\t\t\t\t<\/div>\n\t\t<\/div>\n\t\t\t\t\t<\/div>\n\t\t<\/section>\n\t\t\t\t<section class=\"elementor-section elementor-top-section elementor-element elementor-element-3e94251 elementor-section-boxed elementor-section-height-default elementor-section-height-default\" data-id=\"3e94251\" data-element_type=\"section\">\n\t\t\t\t\t\t<div class=\"elementor-container elementor-column-gap-default\">\n\t\t\t\t\t<div class=\"elementor-column elementor-col-50 elementor-top-column elementor-element elementor-element-d99874e\" data-id=\"d99874e\" data-element_type=\"column\">\n\t\t\t<div class=\"elementor-widget-wrap elementor-element-populated\">\n\t\t\t\t\t\t<div class=\"elementor-element elementor-element-aa0813d elementor-widget elementor-widget-image\" data-id=\"aa0813d\" data-element_type=\"widget\" data-widget_type=\"image.default\">\n\t\t\t\t<div class=\"elementor-widget-container\">\n\t\t\t\t\t\t\t\t\t\t<figure class=\"wp-caption\">\n\t\t\t\t\t\t\t\t\t\t<img fetchpriority=\"high\" decoding=\"async\" width=\"960\" height=\"547\" src=\"https:\/\/zaxseaview.gr\/wp-content\/uploads\/2023\/02\/Ladies_in_Blue-1024x583.jpg\" class=\"attachment-large size-large wp-image-8051\" alt=\"\" srcset=\"https:\/\/zaxseaview.gr\/wp-content\/uploads\/2023\/02\/Ladies_in_Blue-1024x583.jpg 1024w, https:\/\/zaxseaview.gr\/wp-content\/uploads\/2023\/02\/Ladies_in_Blue-300x171.jpg 300w, https:\/\/zaxseaview.gr\/wp-content\/uploads\/2023\/02\/Ladies_in_Blue-768x437.jpg 768w, https:\/\/zaxseaview.gr\/wp-content\/uploads\/2023\/02\/Ladies_in_Blue-1536x875.jpg 1536w, https:\/\/zaxseaview.gr\/wp-content\/uploads\/2023\/02\/Ladies_in_Blue-2048x1167.jpg 2048w, https:\/\/zaxseaview.gr\/wp-content\/uploads\/2023\/02\/Ladies_in_Blue-700x400.jpg 700w\" sizes=\"(max-width: 960px) 100vw, 960px\" \/>\t\t\t\t\t\t\t\t\t\t\t<figcaption class=\"widget-image-caption wp-caption-text\">\"Damen in blauem Fresko\" 1600 v. Chr.<\/figcaption>\n\t\t\t\t\t\t\t\t\t\t<\/figure>\n\t\t\t\t\t\t\t<\/div>\n\t\t\t\t<\/div>\n\t\t\t\t\t<\/div>\n\t\t<\/div>\n\t\t\t\t<div class=\"elementor-column elementor-col-50 elementor-top-column elementor-element elementor-element-4bfaf32\" data-id=\"4bfaf32\" data-element_type=\"column\">\n\t\t\t<div class=\"elementor-widget-wrap elementor-element-populated\">\n\t\t\t\t\t\t<div class=\"elementor-element elementor-element-6779787 elementor-widget elementor-widget-image\" data-id=\"6779787\" data-element_type=\"widget\" data-widget_type=\"image.default\">\n\t\t\t\t<div class=\"elementor-widget-container\">\n\t\t\t\t\t\t\t\t\t\t<figure class=\"wp-caption\">\n\t\t\t\t\t\t\t\t\t\t<img decoding=\"async\" width=\"800\" height=\"842\" src=\"https:\/\/zaxseaview.gr\/wp-content\/uploads\/2023\/02\/Small_golden_double_head_minoan.jpg\" class=\"attachment-large size-large wp-image-8049\" alt=\"\" srcset=\"https:\/\/zaxseaview.gr\/wp-content\/uploads\/2023\/02\/Small_golden_double_head_minoan.jpg 800w, https:\/\/zaxseaview.gr\/wp-content\/uploads\/2023\/02\/Small_golden_double_head_minoan-285x300.jpg 285w, https:\/\/zaxseaview.gr\/wp-content\/uploads\/2023\/02\/Small_golden_double_head_minoan-768x808.jpg 768w\" sizes=\"(max-width: 800px) 100vw, 800px\" \/>\t\t\t\t\t\t\t\t\t\t\t<figcaption class=\"widget-image-caption wp-caption-text\">\"Doppelaxt\" 1700 v. Chr.<\/figcaption>\n\t\t\t\t\t\t\t\t\t\t<\/figure>\n\t\t\t\t\t\t\t<\/div>\n\t\t\t\t<\/div>\n\t\t\t\t\t<\/div>\n\t\t<\/div>\n\t\t\t\t\t<\/div>\n\t\t<\/section>\n\t\t\t\t<\/div>\n\t\t","protected":false},"excerpt":{"rendered":"<p>Die minoische Zivilisation begann 3500 v. Chr. und stellt die erste entwickelte Zivilisation in Europa dar. Sie hinterlie\u00df ein Erbe von gro\u00dfen Geb\u00e4udekomplexen, hochentwickelter Kunst und Schriftsystemen. All dies kann bei einem Besuch des Knossos-Komplexes und des Arch\u00e4ologischen Museums von Heraklion bewundert werden. Mit einer Geschichte von 5000 Jahren w\u00e4re jeder Versuch, diese Zivilisation in&#8230; <\/p>\n<div class=\"clear\"><\/div>\n<p><a href=\"https:\/\/zaxseaview.gr\/de\/culture\/\" class=\"excerpt-read-more\">Continue Reading<i class=\"fa fa-long-arrow-right icon-long-arrow-right\"><\/i><\/a><\/p>\n","protected":false},"author":2,"featured_media":0,"parent":0,"menu_order":0,"comment_status":"closed","ping_status":"closed","template":"","meta":{"_monsterinsights_skip_tracking":false,"_monsterinsights_sitenote_active":false,"_monsterinsights_sitenote_note":"","_monsterinsights_sitenote_category":0,"footnotes":""},"class_list":["post-8831","page","type-page","status-publish","hentry"],"yoast_head":"<!-- This site is optimized with the Yoast SEO plugin v27.0 - https:\/\/yoast.com\/product\/yoast-seo-wordpress\/ -->\n<title>KULTUR - Zax Sea View Villas<\/title>\n<meta name=\"robots\" content=\"index, follow, max-snippet:-1, max-image-preview:large, max-video-preview:-1\" \/>\n<link rel=\"canonical\" href=\"https:\/\/zaxseaview.gr\/de\/culture\/\" \/>\n<meta property=\"og:locale\" content=\"de_DE\" \/>\n<meta property=\"og:type\" content=\"article\" \/>\n<meta property=\"og:title\" content=\"KULTUR - Zax Sea View Villas\" \/>\n<meta property=\"og:description\" content=\"Die minoische Zivilisation begann 3500 v. Chr. und stellt die erste entwickelte Zivilisation in Europa dar. Sie hinterlie\u00df ein Erbe von gro\u00dfen Geb\u00e4udekomplexen, hochentwickelter Kunst und Schriftsystemen. All dies kann bei einem Besuch des Knossos-Komplexes und des Arch\u00e4ologischen Museums von Heraklion bewundert werden. Mit einer Geschichte von 5000 Jahren w\u00e4re jeder Versuch, diese Zivilisation in... Continue Reading\" \/>\n<meta property=\"og:url\" content=\"https:\/\/zaxseaview.gr\/de\/culture\/\" \/>\n<meta property=\"og:site_name\" content=\"Zax Sea View Villas\" \/>\n<meta property=\"article:publisher\" content=\"https:\/\/www.facebook.com\/zaxseaview\/\" \/>\n<meta property=\"article:modified_time\" content=\"2023-08-10T06:37:07+00:00\" \/>\n<meta property=\"og:image\" content=\"https:\/\/zaxseaview.gr\/wp-content\/uploads\/2023\/02\/Ladies_in_Blue-scaled.jpg\" \/>\n\t<meta property=\"og:image:width\" content=\"2560\" \/>\n\t<meta property=\"og:image:height\" content=\"1458\" \/>\n\t<meta property=\"og:image:type\" content=\"image\/jpeg\" \/>\n<meta name=\"twitter:card\" content=\"summary_large_image\" \/>\n<script type=\"application\/ld+json\" class=\"yoast-schema-graph\">{\"@context\":\"https:\/\/schema.org\",\"@graph\":[{\"@type\":\"WebPage\",\"@id\":\"https:\/\/zaxseaview.gr\/de\/culture\/\",\"url\":\"https:\/\/zaxseaview.gr\/de\/culture\/\",\"name\":\"KULTUR - Zax Sea View Villas\",\"isPartOf\":{\"@id\":\"https:\/\/zaxseaview.gr\/#website\"},\"primaryImageOfPage\":{\"@id\":\"https:\/\/zaxseaview.gr\/de\/culture\/#primaryimage\"},\"image\":{\"@id\":\"https:\/\/zaxseaview.gr\/de\/culture\/#primaryimage\"},\"thumbnailUrl\":\"https:\/\/zaxseaview.gr\/wp-content\/uploads\/2023\/02\/Ladies_in_Blue-1024x583.jpg\",\"datePublished\":\"2023-01-11T10:22:29+00:00\",\"dateModified\":\"2023-08-10T06:37:07+00:00\",\"breadcrumb\":{\"@id\":\"https:\/\/zaxseaview.gr\/de\/culture\/#breadcrumb\"},\"inLanguage\":\"de\",\"potentialAction\":[{\"@type\":\"ReadAction\",\"target\":[\"https:\/\/zaxseaview.gr\/de\/culture\/\"]}]},{\"@type\":\"ImageObject\",\"inLanguage\":\"de\",\"@id\":\"https:\/\/zaxseaview.gr\/de\/culture\/#primaryimage\",\"url\":\"https:\/\/zaxseaview.gr\/wp-content\/uploads\/2023\/02\/Ladies_in_Blue-1024x583.jpg\",\"contentUrl\":\"https:\/\/zaxseaview.gr\/wp-content\/uploads\/2023\/02\/Ladies_in_Blue-1024x583.jpg\"},{\"@type\":\"BreadcrumbList\",\"@id\":\"https:\/\/zaxseaview.gr\/de\/culture\/#breadcrumb\",\"itemListElement\":[{\"@type\":\"ListItem\",\"position\":1,\"name\":\"Home\",\"item\":\"https:\/\/zaxseaview.gr\/de\/homepage\/\"},{\"@type\":\"ListItem\",\"position\":2,\"name\":\"KULTUR\"}]},{\"@type\":\"WebSite\",\"@id\":\"https:\/\/zaxseaview.gr\/#website\",\"url\":\"https:\/\/zaxseaview.gr\/\",\"name\":\"Zax Sea View Villas\",\"description\":\"4 self-contained Villas in Ierapetra\",\"publisher\":{\"@id\":\"https:\/\/zaxseaview.gr\/#organization\"},\"potentialAction\":[{\"@type\":\"SearchAction\",\"target\":{\"@type\":\"EntryPoint\",\"urlTemplate\":\"https:\/\/zaxseaview.gr\/?s={search_term_string}\"},\"query-input\":{\"@type\":\"PropertyValueSpecification\",\"valueRequired\":true,\"valueName\":\"search_term_string\"}}],\"inLanguage\":\"de\"},{\"@type\":\"Organization\",\"@id\":\"https:\/\/zaxseaview.gr\/#organization\",\"name\":\"Zax Sea View Villas\",\"url\":\"https:\/\/zaxseaview.gr\/\",\"logo\":{\"@type\":\"ImageObject\",\"inLanguage\":\"de\",\"@id\":\"https:\/\/zaxseaview.gr\/#\/schema\/logo\/image\/\",\"url\":\"https:\/\/zaxseaview.gr\/wp-content\/uploads\/2022\/08\/ZAX-Sea-View.png\",\"contentUrl\":\"https:\/\/zaxseaview.gr\/wp-content\/uploads\/2022\/08\/ZAX-Sea-View.png\",\"width\":1326,\"height\":476,\"caption\":\"Zax Sea View Villas\"},\"image\":{\"@id\":\"https:\/\/zaxseaview.gr\/#\/schema\/logo\/image\/\"},\"sameAs\":[\"https:\/\/www.facebook.com\/zaxseaview\/\",\"https:\/\/www.youtube.com\/@zaxseaviewvillas\",\"https:\/\/www.instagram.com\/zaxseaviewvillas\"]}]}<\/script>\n<!-- \/ Yoast SEO plugin. -->","yoast_head_json":{"title":"KULTUR - Zax Sea View Villas","robots":{"index":"index","follow":"follow","max-snippet":"max-snippet:-1","max-image-preview":"max-image-preview:large","max-video-preview":"max-video-preview:-1"},"canonical":"https:\/\/zaxseaview.gr\/de\/culture\/","og_locale":"de_DE","og_type":"article","og_title":"KULTUR - Zax Sea View Villas","og_description":"Die minoische Zivilisation begann 3500 v. Chr. und stellt die erste entwickelte Zivilisation in Europa dar. Sie hinterlie\u00df ein Erbe von gro\u00dfen Geb\u00e4udekomplexen, hochentwickelter Kunst und Schriftsystemen. All dies kann bei einem Besuch des Knossos-Komplexes und des Arch\u00e4ologischen Museums von Heraklion bewundert werden. Mit einer Geschichte von 5000 Jahren w\u00e4re jeder Versuch, diese Zivilisation in... Continue Reading","og_url":"https:\/\/zaxseaview.gr\/de\/culture\/","og_site_name":"Zax Sea View Villas","article_publisher":"https:\/\/www.facebook.com\/zaxseaview\/","article_modified_time":"2023-08-10T06:37:07+00:00","og_image":[{"width":2560,"height":1458,"url":"https:\/\/zaxseaview.gr\/wp-content\/uploads\/2023\/02\/Ladies_in_Blue-scaled.jpg","type":"image\/jpeg"}],"twitter_card":"summary_large_image","schema":{"@context":"https:\/\/schema.org","@graph":[{"@type":"WebPage","@id":"https:\/\/zaxseaview.gr\/de\/culture\/","url":"https:\/\/zaxseaview.gr\/de\/culture\/","name":"KULTUR - Zax Sea View Villas","isPartOf":{"@id":"https:\/\/zaxseaview.gr\/#website"},"primaryImageOfPage":{"@id":"https:\/\/zaxseaview.gr\/de\/culture\/#primaryimage"},"image":{"@id":"https:\/\/zaxseaview.gr\/de\/culture\/#primaryimage"},"thumbnailUrl":"https:\/\/zaxseaview.gr\/wp-content\/uploads\/2023\/02\/Ladies_in_Blue-1024x583.jpg","datePublished":"2023-01-11T10:22:29+00:00","dateModified":"2023-08-10T06:37:07+00:00","breadcrumb":{"@id":"https:\/\/zaxseaview.gr\/de\/culture\/#breadcrumb"},"inLanguage":"de","potentialAction":[{"@type":"ReadAction","target":["https:\/\/zaxseaview.gr\/de\/culture\/"]}]},{"@type":"ImageObject","inLanguage":"de","@id":"https:\/\/zaxseaview.gr\/de\/culture\/#primaryimage","url":"https:\/\/zaxseaview.gr\/wp-content\/uploads\/2023\/02\/Ladies_in_Blue-1024x583.jpg","contentUrl":"https:\/\/zaxseaview.gr\/wp-content\/uploads\/2023\/02\/Ladies_in_Blue-1024x583.jpg"},{"@type":"BreadcrumbList","@id":"https:\/\/zaxseaview.gr\/de\/culture\/#breadcrumb","itemListElement":[{"@type":"ListItem","position":1,"name":"Home","item":"https:\/\/zaxseaview.gr\/de\/homepage\/"},{"@type":"ListItem","position":2,"name":"KULTUR"}]},{"@type":"WebSite","@id":"https:\/\/zaxseaview.gr\/#website","url":"https:\/\/zaxseaview.gr\/","name":"Zax Sea View Villas","description":"4 self-contained Villas in Ierapetra","publisher":{"@id":"https:\/\/zaxseaview.gr\/#organization"},"potentialAction":[{"@type":"SearchAction","target":{"@type":"EntryPoint","urlTemplate":"https:\/\/zaxseaview.gr\/?s={search_term_string}"},"query-input":{"@type":"PropertyValueSpecification","valueRequired":true,"valueName":"search_term_string"}}],"inLanguage":"de"},{"@type":"Organization","@id":"https:\/\/zaxseaview.gr\/#organization","name":"Zax Sea View Villas","url":"https:\/\/zaxseaview.gr\/","logo":{"@type":"ImageObject","inLanguage":"de","@id":"https:\/\/zaxseaview.gr\/#\/schema\/logo\/image\/","url":"https:\/\/zaxseaview.gr\/wp-content\/uploads\/2022\/08\/ZAX-Sea-View.png","contentUrl":"https:\/\/zaxseaview.gr\/wp-content\/uploads\/2022\/08\/ZAX-Sea-View.png","width":1326,"height":476,"caption":"Zax Sea View Villas"},"image":{"@id":"https:\/\/zaxseaview.gr\/#\/schema\/logo\/image\/"},"sameAs":["https:\/\/www.facebook.com\/zaxseaview\/","https:\/\/www.youtube.com\/@zaxseaviewvillas","https:\/\/www.instagram.com\/zaxseaviewvillas"]}]}},"_links":{"self":[{"href":"https:\/\/zaxseaview.gr\/de\/wp-json\/wp\/v2\/pages\/8831","targetHints":{"allow":["GET"]}}],"collection":[{"href":"https:\/\/zaxseaview.gr\/de\/wp-json\/wp\/v2\/pages"}],"about":[{"href":"https:\/\/zaxseaview.gr\/de\/wp-json\/wp\/v2\/types\/page"}],"author":[{"embeddable":true,"href":"https:\/\/zaxseaview.gr\/de\/wp-json\/wp\/v2\/users\/2"}],"replies":[{"embeddable":true,"href":"https:\/\/zaxseaview.gr\/de\/wp-json\/wp\/v2\/comments?post=8831"}],"version-history":[{"count":4,"href":"https:\/\/zaxseaview.gr\/de\/wp-json\/wp\/v2\/pages\/8831\/revisions"}],"predecessor-version":[{"id":8835,"href":"https:\/\/zaxseaview.gr\/de\/wp-json\/wp\/v2\/pages\/8831\/revisions\/8835"}],"wp:attachment":[{"href":"https:\/\/zaxseaview.gr\/de\/wp-json\/wp\/v2\/media?parent=8831"}],"curies":[{"name":"wp","href":"https:\/\/api.w.org\/{rel}","templated":true}]}}