{"id":8871,"date":"2023-01-11T10:08:41","date_gmt":"2023-01-11T08:08:41","guid":{"rendered":"https:\/\/zaxseaview.gr\/the-property\/"},"modified":"2023-08-10T10:01:11","modified_gmt":"2023-08-10T07:01:11","slug":"the-property","status":"publish","type":"page","link":"https:\/\/zaxseaview.gr\/de\/the-property\/","title":{"rendered":"DAS IMMOBILIEN"},"content":{"rendered":"\t\t<div data-elementor-type=\"wp-page\" data-elementor-id=\"8871\" class=\"elementor elementor-8871 elementor-6196\">\n\t\t\t\t\t\t<section class=\"elementor-section elementor-top-section elementor-element elementor-element-1ca64fb9 elementor-section-stretched elementor-section-boxed elementor-section-height-default elementor-section-height-default\" data-id=\"1ca64fb9\" data-element_type=\"section\" data-settings=\"{&quot;stretch_section&quot;:&quot;section-stretched&quot;}\">\n\t\t\t\t\t\t<div class=\"elementor-container elementor-column-gap-default\">\n\t\t\t\t\t<div class=\"elementor-column elementor-col-100 elementor-top-column elementor-element elementor-element-440b1d49\" data-id=\"440b1d49\" data-element_type=\"column\">\n\t\t\t<div class=\"elementor-widget-wrap elementor-element-populated\">\n\t\t\t\t\t\t<div class=\"elementor-element elementor-element-7458fea6 elementor-widget elementor-widget-text-editor\" data-id=\"7458fea6\" data-element_type=\"widget\" data-widget_type=\"text-editor.default\">\n\t\t\t\t<div class=\"elementor-widget-container\">\n\t\t\t\t\t\t\t<p>Unser Komplex besteht aus 4 individuellen, voll ausgestatteten Villen, die in sich abgeschlossen sind. Sie verf\u00fcgen alle \u00fcber 2 Schlafzimmer, eine voll ausgestattete K\u00fcche, ger\u00e4umige Badezimmer, einen komfortablen Ess- und Wohnbereich, einen privaten Balkon oder eine Terrasse und einen unverbaubaren Blick auf das Mittelmeer. Die insgesamt 4 Wohnungen teilen sich einen Swimmingpool, eine Sonnenterrasse, einen Grillplatz und einen Spielplatz.<\/p><p>Wir m\u00f6chten, dass unsere G\u00e4ste ihre Privatsph\u00e4re und ihre Freizeit so genie\u00dfen k\u00f6nnen, wie sie es w\u00fcnschen, ohne von ihren Gastgebern gest\u00f6rt zu werden. Wenn Sie jedoch eine der Dienstleistungen des Anwesens in Anspruch nehmen m\u00f6chten, fragen Sie uns bitte nach Flughafentransfer, Fr\u00fchst\u00fccksversorgung, Kinderbetreuung, Zimmerm\u00e4dchen-Service usw. Wir verf\u00fcgen \u00fcber alle Infrastrukturen und Einrichtungen, um Ihren Aufenthalt so angenehm wie m\u00f6glich zu gestalten.<\/p><p>Komfort und Sicherheit sind unsere Hauptanliegen. Jede Villa ist komplett ausgestattet, von der Bettw\u00e4sche \u00fcber Haushaltsger\u00e4te bis hin zu Spielzeug und Unterhaltung. Elektroger\u00e4te in voller Gr\u00f6\u00dfe, hochwertige M\u00f6bel und die bequemsten Matratzen. Schlie\u00dflich bieten unsere Unterk\u00fcnfte Sicherheit und Zug\u00e4nglichkeit f\u00fcr alle Altersgruppen, vom Baby bis zum Senior, wie Rampen, Schwimmbad-Tore, Rauchmelder, stufenlose Eing\u00e4nge usw.<\/p><p>Unser optionaler VIP-Service umfasst Flughafentransfers, Kinder- oder Seniorenbetreuung, die Bereitstellung eines Mietwagens, eine Kinderbetreuerin vor Ort und vieles mehr.<\/p>\t\t\t\t\t\t<\/div>\n\t\t\t\t<\/div>\n\t\t\t\t\t<\/div>\n\t\t<\/div>\n\t\t\t\t\t<\/div>\n\t\t<\/section>\n\t\t\t\t<\/div>\n\t\t","protected":false},"excerpt":{"rendered":"<p>Unser Komplex besteht aus 4 individuellen, voll ausgestatteten Villen, die in sich abgeschlossen sind. Sie verf\u00fcgen alle \u00fcber 2 Schlafzimmer, eine voll ausgestattete K\u00fcche, ger\u00e4umige Badezimmer, einen komfortablen Ess- und Wohnbereich, einen privaten Balkon oder eine Terrasse und einen unverbaubaren Blick auf das Mittelmeer. Die insgesamt 4 Wohnungen teilen sich einen Swimmingpool, eine Sonnenterrasse, einen&#8230; <\/p>\n<div class=\"clear\"><\/div>\n<p><a href=\"https:\/\/zaxseaview.gr\/de\/the-property\/\" class=\"excerpt-read-more\">Continue Reading<i class=\"fa fa-long-arrow-right icon-long-arrow-right\"><\/i><\/a><\/p>\n","protected":false},"author":2,"featured_media":0,"parent":0,"menu_order":0,"comment_status":"closed","ping_status":"closed","template":"","meta":{"_monsterinsights_skip_tracking":false,"_monsterinsights_sitenote_active":false,"_monsterinsights_sitenote_note":"","_monsterinsights_sitenote_category":0,"footnotes":""},"class_list":["post-8871","page","type-page","status-publish","hentry"],"yoast_head":"<!-- This site is optimized with the Yoast SEO plugin v27.0 - https:\/\/yoast.com\/product\/yoast-seo-wordpress\/ -->\n<title>DAS IMMOBILIEN - Zax Sea View Villas<\/title>\n<meta name=\"robots\" content=\"index, follow, max-snippet:-1, max-image-preview:large, max-video-preview:-1\" \/>\n<link rel=\"canonical\" href=\"https:\/\/zaxseaview.gr\/de\/the-property\/\" \/>\n<meta property=\"og:locale\" content=\"de_DE\" \/>\n<meta property=\"og:type\" content=\"article\" \/>\n<meta property=\"og:title\" content=\"DAS IMMOBILIEN - Zax Sea View Villas\" \/>\n<meta property=\"og:description\" content=\"Unser Komplex besteht aus 4 individuellen, voll ausgestatteten Villen, die in sich abgeschlossen sind. Sie verf\u00fcgen alle \u00fcber 2 Schlafzimmer, eine voll ausgestattete K\u00fcche, ger\u00e4umige Badezimmer, einen komfortablen Ess- und Wohnbereich, einen privaten Balkon oder eine Terrasse und einen unverbaubaren Blick auf das Mittelmeer. Die insgesamt 4 Wohnungen teilen sich einen Swimmingpool, eine Sonnenterrasse, einen... Continue Reading\" \/>\n<meta property=\"og:url\" content=\"https:\/\/zaxseaview.gr\/de\/the-property\/\" \/>\n<meta property=\"og:site_name\" content=\"Zax Sea View Villas\" \/>\n<meta property=\"article:publisher\" content=\"https:\/\/www.facebook.com\/zaxseaview\/\" \/>\n<meta property=\"article:modified_time\" content=\"2023-08-10T07:01:11+00:00\" \/>\n<meta name=\"twitter:card\" content=\"summary_large_image\" \/>\n<meta name=\"twitter:label1\" content=\"Gesch\u00e4tzte Lesezeit\" \/>\n\t<meta name=\"twitter:data1\" content=\"1\u00a0Minute\" \/>\n<script type=\"application\/ld+json\" class=\"yoast-schema-graph\">{\"@context\":\"https:\/\/schema.org\",\"@graph\":[{\"@type\":\"WebPage\",\"@id\":\"https:\/\/zaxseaview.gr\/de\/the-property\/\",\"url\":\"https:\/\/zaxseaview.gr\/de\/the-property\/\",\"name\":\"DAS IMMOBILIEN - Zax Sea View Villas\",\"isPartOf\":{\"@id\":\"https:\/\/zaxseaview.gr\/#website\"},\"datePublished\":\"2023-01-11T08:08:41+00:00\",\"dateModified\":\"2023-08-10T07:01:11+00:00\",\"breadcrumb\":{\"@id\":\"https:\/\/zaxseaview.gr\/de\/the-property\/#breadcrumb\"},\"inLanguage\":\"de\",\"potentialAction\":[{\"@type\":\"ReadAction\",\"target\":[\"https:\/\/zaxseaview.gr\/de\/the-property\/\"]}]},{\"@type\":\"BreadcrumbList\",\"@id\":\"https:\/\/zaxseaview.gr\/de\/the-property\/#breadcrumb\",\"itemListElement\":[{\"@type\":\"ListItem\",\"position\":1,\"name\":\"Home\",\"item\":\"https:\/\/zaxseaview.gr\/de\/homepage\/\"},{\"@type\":\"ListItem\",\"position\":2,\"name\":\"DAS IMMOBILIEN\"}]},{\"@type\":\"WebSite\",\"@id\":\"https:\/\/zaxseaview.gr\/#website\",\"url\":\"https:\/\/zaxseaview.gr\/\",\"name\":\"Zax Sea View Villas\",\"description\":\"4 self-contained Villas in Ierapetra\",\"publisher\":{\"@id\":\"https:\/\/zaxseaview.gr\/#organization\"},\"potentialAction\":[{\"@type\":\"SearchAction\",\"target\":{\"@type\":\"EntryPoint\",\"urlTemplate\":\"https:\/\/zaxseaview.gr\/?s={search_term_string}\"},\"query-input\":{\"@type\":\"PropertyValueSpecification\",\"valueRequired\":true,\"valueName\":\"search_term_string\"}}],\"inLanguage\":\"de\"},{\"@type\":\"Organization\",\"@id\":\"https:\/\/zaxseaview.gr\/#organization\",\"name\":\"Zax Sea View Villas\",\"url\":\"https:\/\/zaxseaview.gr\/\",\"logo\":{\"@type\":\"ImageObject\",\"inLanguage\":\"de\",\"@id\":\"https:\/\/zaxseaview.gr\/#\/schema\/logo\/image\/\",\"url\":\"https:\/\/zaxseaview.gr\/wp-content\/uploads\/2022\/08\/ZAX-Sea-View.png\",\"contentUrl\":\"https:\/\/zaxseaview.gr\/wp-content\/uploads\/2022\/08\/ZAX-Sea-View.png\",\"width\":1326,\"height\":476,\"caption\":\"Zax Sea View Villas\"},\"image\":{\"@id\":\"https:\/\/zaxseaview.gr\/#\/schema\/logo\/image\/\"},\"sameAs\":[\"https:\/\/www.facebook.com\/zaxseaview\/\",\"https:\/\/www.youtube.com\/@zaxseaviewvillas\",\"https:\/\/www.instagram.com\/zaxseaviewvillas\"]}]}<\/script>\n<!-- \/ Yoast SEO plugin. -->","yoast_head_json":{"title":"DAS IMMOBILIEN - Zax Sea View Villas","robots":{"index":"index","follow":"follow","max-snippet":"max-snippet:-1","max-image-preview":"max-image-preview:large","max-video-preview":"max-video-preview:-1"},"canonical":"https:\/\/zaxseaview.gr\/de\/the-property\/","og_locale":"de_DE","og_type":"article","og_title":"DAS IMMOBILIEN - Zax Sea View Villas","og_description":"Unser Komplex besteht aus 4 individuellen, voll ausgestatteten Villen, die in sich abgeschlossen sind. Sie verf\u00fcgen alle \u00fcber 2 Schlafzimmer, eine voll ausgestattete K\u00fcche, ger\u00e4umige Badezimmer, einen komfortablen Ess- und Wohnbereich, einen privaten Balkon oder eine Terrasse und einen unverbaubaren Blick auf das Mittelmeer. Die insgesamt 4 Wohnungen teilen sich einen Swimmingpool, eine Sonnenterrasse, einen... Continue Reading","og_url":"https:\/\/zaxseaview.gr\/de\/the-property\/","og_site_name":"Zax Sea View Villas","article_publisher":"https:\/\/www.facebook.com\/zaxseaview\/","article_modified_time":"2023-08-10T07:01:11+00:00","twitter_card":"summary_large_image","twitter_misc":{"Gesch\u00e4tzte Lesezeit":"1\u00a0Minute"},"schema":{"@context":"https:\/\/schema.org","@graph":[{"@type":"WebPage","@id":"https:\/\/zaxseaview.gr\/de\/the-property\/","url":"https:\/\/zaxseaview.gr\/de\/the-property\/","name":"DAS IMMOBILIEN - Zax Sea View Villas","isPartOf":{"@id":"https:\/\/zaxseaview.gr\/#website"},"datePublished":"2023-01-11T08:08:41+00:00","dateModified":"2023-08-10T07:01:11+00:00","breadcrumb":{"@id":"https:\/\/zaxseaview.gr\/de\/the-property\/#breadcrumb"},"inLanguage":"de","potentialAction":[{"@type":"ReadAction","target":["https:\/\/zaxseaview.gr\/de\/the-property\/"]}]},{"@type":"BreadcrumbList","@id":"https:\/\/zaxseaview.gr\/de\/the-property\/#breadcrumb","itemListElement":[{"@type":"ListItem","position":1,"name":"Home","item":"https:\/\/zaxseaview.gr\/de\/homepage\/"},{"@type":"ListItem","position":2,"name":"DAS IMMOBILIEN"}]},{"@type":"WebSite","@id":"https:\/\/zaxseaview.gr\/#website","url":"https:\/\/zaxseaview.gr\/","name":"Zax Sea View Villas","description":"4 self-contained Villas in Ierapetra","publisher":{"@id":"https:\/\/zaxseaview.gr\/#organization"},"potentialAction":[{"@type":"SearchAction","target":{"@type":"EntryPoint","urlTemplate":"https:\/\/zaxseaview.gr\/?s={search_term_string}"},"query-input":{"@type":"PropertyValueSpecification","valueRequired":true,"valueName":"search_term_string"}}],"inLanguage":"de"},{"@type":"Organization","@id":"https:\/\/zaxseaview.gr\/#organization","name":"Zax Sea View Villas","url":"https:\/\/zaxseaview.gr\/","logo":{"@type":"ImageObject","inLanguage":"de","@id":"https:\/\/zaxseaview.gr\/#\/schema\/logo\/image\/","url":"https:\/\/zaxseaview.gr\/wp-content\/uploads\/2022\/08\/ZAX-Sea-View.png","contentUrl":"https:\/\/zaxseaview.gr\/wp-content\/uploads\/2022\/08\/ZAX-Sea-View.png","width":1326,"height":476,"caption":"Zax Sea View Villas"},"image":{"@id":"https:\/\/zaxseaview.gr\/#\/schema\/logo\/image\/"},"sameAs":["https:\/\/www.facebook.com\/zaxseaview\/","https:\/\/www.youtube.com\/@zaxseaviewvillas","https:\/\/www.instagram.com\/zaxseaviewvillas"]}]}},"_links":{"self":[{"href":"https:\/\/zaxseaview.gr\/de\/wp-json\/wp\/v2\/pages\/8871","targetHints":{"allow":["GET"]}}],"collection":[{"href":"https:\/\/zaxseaview.gr\/de\/wp-json\/wp\/v2\/pages"}],"about":[{"href":"https:\/\/zaxseaview.gr\/de\/wp-json\/wp\/v2\/types\/page"}],"author":[{"embeddable":true,"href":"https:\/\/zaxseaview.gr\/de\/wp-json\/wp\/v2\/users\/2"}],"replies":[{"embeddable":true,"href":"https:\/\/zaxseaview.gr\/de\/wp-json\/wp\/v2\/comments?post=8871"}],"version-history":[{"count":4,"href":"https:\/\/zaxseaview.gr\/de\/wp-json\/wp\/v2\/pages\/8871\/revisions"}],"predecessor-version":[{"id":8875,"href":"https:\/\/zaxseaview.gr\/de\/wp-json\/wp\/v2\/pages\/8871\/revisions\/8875"}],"wp:attachment":[{"href":"https:\/\/zaxseaview.gr\/de\/wp-json\/wp\/v2\/media?parent=8871"}],"curies":[{"name":"wp","href":"https:\/\/api.w.org\/{rel}","templated":true}]}}