{"id":8886,"date":"2021-05-10T13:11:44","date_gmt":"2021-05-10T10:11:44","guid":{"rendered":"https:\/\/zaxseaview.gr\/location\/"},"modified":"2023-08-10T10:18:21","modified_gmt":"2023-08-10T07:18:21","slug":"location","status":"publish","type":"page","link":"https:\/\/zaxseaview.gr\/de\/location\/","title":{"rendered":"STANDORT"},"content":{"rendered":"\t\t<div data-elementor-type=\"wp-page\" data-elementor-id=\"8886\" class=\"elementor elementor-8886 elementor-5302\">\n\t\t\t\t\t\t<section class=\"elementor-section elementor-top-section elementor-element elementor-element-1ca64fb9 elementor-section-full_width elementor-section-height-default elementor-section-height-default\" data-id=\"1ca64fb9\" data-element_type=\"section\">\n\t\t\t\t\t\t<div class=\"elementor-container elementor-column-gap-default\">\n\t\t\t\t\t<div class=\"elementor-column elementor-col-100 elementor-top-column elementor-element elementor-element-440b1d49\" data-id=\"440b1d49\" data-element_type=\"column\">\n\t\t\t<div class=\"elementor-widget-wrap elementor-element-populated\">\n\t\t\t\t\t\t<div class=\"elementor-element elementor-element-249b0a1a elementor-widget elementor-widget-heading\" data-id=\"249b0a1a\" data-element_type=\"widget\" data-widget_type=\"heading.default\">\n\t\t\t\t<div class=\"elementor-widget-container\">\n\t\t\t<h2 class=\"elementor-heading-title elementor-size-default\">Unser Standort<\/h2>\t\t<\/div>\n\t\t\t\t<\/div>\n\t\t\t\t<div class=\"elementor-element elementor-element-7458fea6 elementor-widget elementor-widget-text-editor\" data-id=\"7458fea6\" data-element_type=\"widget\" data-widget_type=\"text-editor.default\">\n\t\t\t\t<div class=\"elementor-widget-container\">\n\t\t\t\t\t\t\t<div>Wir befinden uns auf der S\u00fcdseite der Insel Kreta, im Dorf Koutsounari, in der N\u00e4he der Stadt Ierapetra.<\/div>\t\t\t\t\t\t<\/div>\n\t\t\t\t<\/div>\n\t\t\t\t\t<\/div>\n\t\t<\/div>\n\t\t\t\t\t<\/div>\n\t\t<\/section>\n\t\t\t\t<section class=\"elementor-section elementor-top-section elementor-element elementor-element-3b96e42b elementor-section-boxed elementor-section-height-default elementor-section-height-default\" data-id=\"3b96e42b\" data-element_type=\"section\">\n\t\t\t\t\t\t<div class=\"elementor-container elementor-column-gap-default\">\n\t\t\t\t\t<div class=\"elementor-column elementor-col-50 elementor-top-column elementor-element elementor-element-f9af17e\" data-id=\"f9af17e\" data-element_type=\"column\">\n\t\t\t<div class=\"elementor-widget-wrap elementor-element-populated\">\n\t\t\t\t\t\t<div class=\"elementor-element elementor-element-44cd8c27 elementor-widget elementor-widget-heading\" data-id=\"44cd8c27\" data-element_type=\"widget\" data-widget_type=\"heading.default\">\n\t\t\t\t<div class=\"elementor-widget-container\">\n\t\t\t<h2 class=\"elementor-heading-title elementor-size-default\">Google-Karte<\/h2>\t\t<\/div>\n\t\t\t\t<\/div>\n\t\t\t\t<div class=\"elementor-element elementor-element-4a71e233 elementor-widget elementor-widget-text-editor\" data-id=\"4a71e233\" data-element_type=\"widget\" data-widget_type=\"text-editor.default\">\n\t\t\t\t<div class=\"elementor-widget-container\">\n\t\t\t\t\t\t\t<p><iframe style=\"border: 0;\" src=\"https:\/\/www.google.com\/maps\/embed?pb=!1m18!1m12!1m3!1d3267.590083726977!2d25.82678241446726!3d35.016965073723135!2m3!1f0!2f0!3f0!3m2!1i1024!2i768!4f13.1!3m3!1m2!1s0x14907dc8b5cd49d1%3A0x8ec0c1f9efe71a69!2sZax%20sea%20view%20villas!5e0!3m2!1sen!2sgr!4v1674652062908!5m2!1sen!2sgr\" width=\"600\" height=\"450\" allowfullscreen=\"allowfullscreen\"><\/iframe><\/p>\t\t\t\t\t\t<\/div>\n\t\t\t\t<\/div>\n\t\t\t\t\t<\/div>\n\t\t<\/div>\n\t\t\t\t<div class=\"elementor-column elementor-col-50 elementor-top-column elementor-element elementor-element-45263855\" data-id=\"45263855\" data-element_type=\"column\">\n\t\t\t<div class=\"elementor-widget-wrap elementor-element-populated\">\n\t\t\t\t\t\t<div class=\"elementor-element elementor-element-71569ad0 elementor-widget elementor-widget-heading\" data-id=\"71569ad0\" data-element_type=\"widget\" data-widget_type=\"heading.default\">\n\t\t\t\t<div class=\"elementor-widget-container\">\n\t\t\t<h2 class=\"elementor-heading-title elementor-size-default\">Entfernungen<\/h2>\t\t<\/div>\n\t\t\t\t<\/div>\n\t\t\t\t<div class=\"elementor-element elementor-element-1bcb37ef elementor-widget elementor-widget-text-editor\" data-id=\"1bcb37ef\" data-element_type=\"widget\" data-widget_type=\"text-editor.default\">\n\t\t\t\t<div class=\"elementor-widget-container\">\n\t\t\t\t\t\t\t<p>102 km (90 Minuten Fahrt) vom Flughafen Heraklion<br \/>9 km (10 Minuten Fahrt) von Ierapetra Stadt<br \/>1,3 km (15 Minuten Fu\u00dfweg) zum Strand<br \/>800 Meter (10 Minuten zu Fu\u00df) bis zur Bushaltestelle<br \/>100 &#8211; 1000 Meter zu Apotheke, Restaurants, Eisenwaren, Mini-M\u00e4rkte, Touristengesch\u00e4ft, Friseur, Cafe etc.<br \/>50km nach Sitia Stadt<br \/>43km bis Aghios Nikolaos Stadt<br \/>240km bis Chania Stadt<\/p>\t\t\t\t\t\t<\/div>\n\t\t\t\t<\/div>\n\t\t\t\t\t<\/div>\n\t\t<\/div>\n\t\t\t\t\t<\/div>\n\t\t<\/section>\n\t\t\t\t<section class=\"elementor-section elementor-top-section elementor-element elementor-element-abb7b6e elementor-section-boxed elementor-section-height-default elementor-section-height-default\" data-id=\"abb7b6e\" data-element_type=\"section\">\n\t\t\t\t\t\t<div class=\"elementor-container elementor-column-gap-default\">\n\t\t\t\t\t<div class=\"elementor-column elementor-col-100 elementor-top-column elementor-element elementor-element-a595e54\" data-id=\"a595e54\" data-element_type=\"column\">\n\t\t\t<div class=\"elementor-widget-wrap elementor-element-populated\">\n\t\t\t\t\t\t<div class=\"elementor-element elementor-element-15e2531 elementor-widget elementor-widget-image\" data-id=\"15e2531\" data-element_type=\"widget\" data-widget_type=\"image.default\">\n\t\t\t\t<div class=\"elementor-widget-container\">\n\t\t\t\t\t\t\t\t\t\t\t\t\t<img fetchpriority=\"high\" decoding=\"async\" width=\"960\" height=\"989\" src=\"https:\/\/zaxseaview.gr\/wp-content\/uploads\/2023\/02\/FLIGHTS.jpg\" class=\"attachment-large size-large wp-image-8081\" alt=\"\" srcset=\"https:\/\/zaxseaview.gr\/wp-content\/uploads\/2023\/02\/FLIGHTS.jpg 967w, https:\/\/zaxseaview.gr\/wp-content\/uploads\/2023\/02\/FLIGHTS-291x300.jpg 291w, https:\/\/zaxseaview.gr\/wp-content\/uploads\/2023\/02\/FLIGHTS-768x791.jpg 768w\" sizes=\"(max-width: 960px) 100vw, 960px\" \/>\t\t\t\t\t\t\t\t\t\t\t\t\t<\/div>\n\t\t\t\t<\/div>\n\t\t\t\t\t<\/div>\n\t\t<\/div>\n\t\t\t\t\t<\/div>\n\t\t<\/section>\n\t\t\t\t<section class=\"elementor-section elementor-top-section elementor-element elementor-element-9e0f870 elementor-section-boxed elementor-section-height-default elementor-section-height-default\" data-id=\"9e0f870\" data-element_type=\"section\">\n\t\t\t\t\t\t<div class=\"elementor-container elementor-column-gap-default\">\n\t\t\t\t\t<div class=\"elementor-column elementor-col-100 elementor-top-column elementor-element elementor-element-f9477df\" data-id=\"f9477df\" data-element_type=\"column\">\n\t\t\t<div class=\"elementor-widget-wrap elementor-element-populated\">\n\t\t\t\t\t\t<div class=\"elementor-element elementor-element-12c3b2d elementor-widget elementor-widget-text-editor\" data-id=\"12c3b2d\" data-element_type=\"widget\" data-widget_type=\"text-editor.default\">\n\t\t\t\t<div class=\"elementor-widget-container\">\n\t\t\t\t\t\t\t<p style=\"text-align: center;\"><strong>Direktfl\u00fcge aus Europa.<\/strong><\/p><p style=\"text-align: center;\">Der Flughafen Heraklion (HER) ist nach Athen der zweitgr\u00f6\u00dfte Flughafen Griechenlands mit vielen g\u00fcnstigen Direktfl\u00fcgen aus allen gro\u00dfen europ\u00e4ischen St\u00e4dten.<\/p><p style=\"text-align: center;\"><a href=\"https:\/\/www.google.com\/flights\">https:\/\/www.google.com\/flights<\/a><\/p>\t\t\t\t\t\t<\/div>\n\t\t\t\t<\/div>\n\t\t\t\t\t<\/div>\n\t\t<\/div>\n\t\t\t\t\t<\/div>\n\t\t<\/section>\n\t\t\t\t<section class=\"elementor-section elementor-top-section elementor-element elementor-element-3c4860c elementor-section-boxed elementor-section-height-default elementor-section-height-default\" data-id=\"3c4860c\" data-element_type=\"section\">\n\t\t\t\t\t\t<div class=\"elementor-container elementor-column-gap-default\">\n\t\t\t\t\t<div class=\"elementor-column elementor-col-100 elementor-top-column elementor-element elementor-element-4a97293\" data-id=\"4a97293\" data-element_type=\"column\">\n\t\t\t<div class=\"elementor-widget-wrap elementor-element-populated\">\n\t\t\t\t\t\t<div class=\"elementor-element elementor-element-2e264f6 elementor-widget elementor-widget-image\" data-id=\"2e264f6\" data-element_type=\"widget\" data-widget_type=\"image.default\">\n\t\t\t\t<div class=\"elementor-widget-container\">\n\t\t\t\t\t\t\t\t\t\t\t\t\t<img decoding=\"async\" width=\"790\" height=\"701\" src=\"https:\/\/zaxseaview.gr\/wp-content\/uploads\/2023\/02\/carrent.jpg\" class=\"attachment-large size-large wp-image-8083\" alt=\"\" srcset=\"https:\/\/zaxseaview.gr\/wp-content\/uploads\/2023\/02\/carrent.jpg 790w, https:\/\/zaxseaview.gr\/wp-content\/uploads\/2023\/02\/carrent-300x266.jpg 300w, https:\/\/zaxseaview.gr\/wp-content\/uploads\/2023\/02\/carrent-768x681.jpg 768w\" sizes=\"(max-width: 790px) 100vw, 790px\" \/>\t\t\t\t\t\t\t\t\t\t\t\t\t<\/div>\n\t\t\t\t<\/div>\n\t\t\t\t\t<\/div>\n\t\t<\/div>\n\t\t\t\t\t<\/div>\n\t\t<\/section>\n\t\t\t\t<section class=\"elementor-section elementor-top-section elementor-element elementor-element-8819e1d elementor-section-boxed elementor-section-height-default elementor-section-height-default\" data-id=\"8819e1d\" data-element_type=\"section\">\n\t\t\t\t\t\t<div class=\"elementor-container elementor-column-gap-default\">\n\t\t\t\t\t<div class=\"elementor-column elementor-col-100 elementor-top-column elementor-element elementor-element-a9f7cb4\" data-id=\"a9f7cb4\" data-element_type=\"column\">\n\t\t\t<div class=\"elementor-widget-wrap elementor-element-populated\">\n\t\t\t\t\t\t<div class=\"elementor-element elementor-element-108052f elementor-widget elementor-widget-text-editor\" data-id=\"108052f\" data-element_type=\"widget\" data-widget_type=\"text-editor.default\">\n\t\t\t\t<div class=\"elementor-widget-container\">\n\t\t\t\t\t\t\t<p style=\"text-align: center;\">Mieten Sie ein Auto vom Flughafen Heraklion ab 30 Euro pro Tag. <\/p><p style=\"text-align: center;\"><a href=\"https:\/\/www.monzarentacar.com\/\"> https:\/\/www.monzarentacar.com\/<\/a><\/p>\t\t\t\t\t\t<\/div>\n\t\t\t\t<\/div>\n\t\t\t\t\t<\/div>\n\t\t<\/div>\n\t\t\t\t\t<\/div>\n\t\t<\/section>\n\t\t\t\t<section class=\"elementor-section elementor-top-section elementor-element elementor-element-ad2b124 elementor-section-boxed elementor-section-height-default elementor-section-height-default\" data-id=\"ad2b124\" data-element_type=\"section\">\n\t\t\t\t\t\t<div class=\"elementor-container elementor-column-gap-default\">\n\t\t\t\t\t<div class=\"elementor-column elementor-col-100 elementor-top-column elementor-element elementor-element-037027a\" data-id=\"037027a\" data-element_type=\"column\">\n\t\t\t<div class=\"elementor-widget-wrap elementor-element-populated\">\n\t\t\t\t\t\t<div class=\"elementor-element elementor-element-f96eea6 elementor-widget elementor-widget-image\" data-id=\"f96eea6\" data-element_type=\"widget\" data-widget_type=\"image.default\">\n\t\t\t\t<div class=\"elementor-widget-container\">\n\t\t\t\t\t\t\t\t\t\t\t\t\t<img decoding=\"async\" width=\"635\" height=\"791\" src=\"https:\/\/zaxseaview.gr\/wp-content\/uploads\/2023\/02\/thumbnail_IMG_4789.png\" class=\"attachment-large size-large wp-image-8055\" alt=\"\" srcset=\"https:\/\/zaxseaview.gr\/wp-content\/uploads\/2023\/02\/thumbnail_IMG_4789.png 635w, https:\/\/zaxseaview.gr\/wp-content\/uploads\/2023\/02\/thumbnail_IMG_4789-241x300.png 241w\" sizes=\"(max-width: 635px) 100vw, 635px\" \/>\t\t\t\t\t\t\t\t\t\t\t\t\t<\/div>\n\t\t\t\t<\/div>\n\t\t\t\t\t<\/div>\n\t\t<\/div>\n\t\t\t\t\t<\/div>\n\t\t<\/section>\n\t\t\t\t<section class=\"elementor-section elementor-top-section elementor-element elementor-element-a4dcc28 elementor-section-boxed elementor-section-height-default elementor-section-height-default\" data-id=\"a4dcc28\" data-element_type=\"section\">\n\t\t\t\t\t\t<div class=\"elementor-container elementor-column-gap-default\">\n\t\t\t\t\t<div class=\"elementor-column elementor-col-100 elementor-top-column elementor-element elementor-element-b0c1232\" data-id=\"b0c1232\" data-element_type=\"column\">\n\t\t\t<div class=\"elementor-widget-wrap elementor-element-populated\">\n\t\t\t\t\t\t<div class=\"elementor-element elementor-element-45a31f5 elementor-widget elementor-widget-text-editor\" data-id=\"45a31f5\" data-element_type=\"widget\" data-widget_type=\"text-editor.default\">\n\t\t\t\t<div class=\"elementor-widget-container\">\n\t\t\t\t\t\t\t<div style=\"text-align: center;\"><strong>Wie man dorthin kommt<\/strong><\/div><p style=\"text-align: center;\">Vom Flughafen Heraklion folgen Sie den Schildern nach Agios Nikolaos oder Ierapetra. Bevor Sie Agios Nikolaos erreichen, biegen Sie rechts ab in Richtung Ierapetra. In der Stadt Pachia Ammos biegen Sie rechts ab nach Ierapetra. Vor dem Ortseingang von Ierapetra biegen Sie links ab in Richtung Makrygrialos oder Sitia. Fahren Sie 8 km weiter und biegen Sie am Schild f\u00fcr Koutsounari oder Aghios Ioannis links ab. <br \/>Die Villa befindet sich 800 Meter vom Schild entfernt an der Hauptstra\u00dfe. <\/p><p style=\"text-align: center;\">\u00a0<\/p>\t\t\t\t\t\t<\/div>\n\t\t\t\t<\/div>\n\t\t\t\t\t<\/div>\n\t\t<\/div>\n\t\t\t\t\t<\/div>\n\t\t<\/section>\n\t\t\t\t<\/div>\n\t\t","protected":false},"excerpt":{"rendered":"<p>Unser Standort Wir befinden uns auf der S\u00fcdseite der Insel Kreta, im Dorf Koutsounari, in der N\u00e4he der Stadt Ierapetra. Google-Karte Entfernungen 102 km (90 Minuten Fahrt) vom Flughafen Heraklion9 km (10 Minuten Fahrt) von Ierapetra Stadt1,3 km (15 Minuten Fu\u00dfweg) zum Strand800 Meter (10 Minuten zu Fu\u00df) bis zur Bushaltestelle100 &#8211; 1000 Meter zu&#8230; <\/p>\n<div class=\"clear\"><\/div>\n<p><a href=\"https:\/\/zaxseaview.gr\/de\/location\/\" class=\"excerpt-read-more\">Continue Reading<i class=\"fa fa-long-arrow-right icon-long-arrow-right\"><\/i><\/a><\/p>\n","protected":false},"author":2,"featured_media":0,"parent":0,"menu_order":0,"comment_status":"closed","ping_status":"closed","template":"","meta":{"_monsterinsights_skip_tracking":false,"_monsterinsights_sitenote_active":false,"_monsterinsights_sitenote_note":"","_monsterinsights_sitenote_category":0,"footnotes":""},"class_list":["post-8886","page","type-page","status-publish","hentry"],"yoast_head":"<!-- This site is optimized with the Yoast SEO plugin v27.0 - https:\/\/yoast.com\/product\/yoast-seo-wordpress\/ -->\n<title>STANDORT - Zax Sea View Villas<\/title>\n<meta name=\"robots\" content=\"index, follow, max-snippet:-1, max-image-preview:large, max-video-preview:-1\" \/>\n<link rel=\"canonical\" href=\"https:\/\/zaxseaview.gr\/de\/location\/\" \/>\n<meta property=\"og:locale\" content=\"de_DE\" \/>\n<meta property=\"og:type\" content=\"article\" \/>\n<meta property=\"og:title\" content=\"STANDORT - Zax Sea View Villas\" \/>\n<meta property=\"og:description\" content=\"Unser Standort Wir befinden uns auf der S\u00fcdseite der Insel Kreta, im Dorf Koutsounari, in der N\u00e4he der Stadt Ierapetra. Google-Karte Entfernungen 102 km (90 Minuten Fahrt) vom Flughafen Heraklion9 km (10 Minuten Fahrt) von Ierapetra Stadt1,3 km (15 Minuten Fu\u00dfweg) zum Strand800 Meter (10 Minuten zu Fu\u00df) bis zur Bushaltestelle100 &#8211; 1000 Meter zu... Continue Reading\" \/>\n<meta property=\"og:url\" content=\"https:\/\/zaxseaview.gr\/de\/location\/\" \/>\n<meta property=\"og:site_name\" content=\"Zax Sea View Villas\" \/>\n<meta property=\"article:publisher\" content=\"https:\/\/www.facebook.com\/zaxseaview\/\" \/>\n<meta property=\"article:modified_time\" content=\"2023-08-10T07:18:21+00:00\" \/>\n<meta property=\"og:image\" content=\"https:\/\/zaxseaview.gr\/wp-content\/uploads\/2023\/02\/FLIGHTS.jpg\" \/>\n\t<meta property=\"og:image:width\" content=\"967\" \/>\n\t<meta property=\"og:image:height\" content=\"996\" \/>\n\t<meta property=\"og:image:type\" content=\"image\/jpeg\" \/>\n<meta name=\"twitter:card\" content=\"summary_large_image\" \/>\n<meta name=\"twitter:label1\" content=\"Gesch\u00e4tzte Lesezeit\" \/>\n\t<meta name=\"twitter:data1\" content=\"1\u00a0Minute\" \/>\n<script type=\"application\/ld+json\" class=\"yoast-schema-graph\">{\"@context\":\"https:\/\/schema.org\",\"@graph\":[{\"@type\":\"WebPage\",\"@id\":\"https:\/\/zaxseaview.gr\/de\/location\/\",\"url\":\"https:\/\/zaxseaview.gr\/de\/location\/\",\"name\":\"STANDORT - Zax Sea View Villas\",\"isPartOf\":{\"@id\":\"https:\/\/zaxseaview.gr\/#website\"},\"primaryImageOfPage\":{\"@id\":\"https:\/\/zaxseaview.gr\/de\/location\/#primaryimage\"},\"image\":{\"@id\":\"https:\/\/zaxseaview.gr\/de\/location\/#primaryimage\"},\"thumbnailUrl\":\"https:\/\/zaxseaview.gr\/wp-content\/uploads\/2023\/02\/FLIGHTS.jpg\",\"datePublished\":\"2021-05-10T10:11:44+00:00\",\"dateModified\":\"2023-08-10T07:18:21+00:00\",\"breadcrumb\":{\"@id\":\"https:\/\/zaxseaview.gr\/de\/location\/#breadcrumb\"},\"inLanguage\":\"de\",\"potentialAction\":[{\"@type\":\"ReadAction\",\"target\":[\"https:\/\/zaxseaview.gr\/de\/location\/\"]}]},{\"@type\":\"ImageObject\",\"inLanguage\":\"de\",\"@id\":\"https:\/\/zaxseaview.gr\/de\/location\/#primaryimage\",\"url\":\"https:\/\/zaxseaview.gr\/wp-content\/uploads\/2023\/02\/FLIGHTS.jpg\",\"contentUrl\":\"https:\/\/zaxseaview.gr\/wp-content\/uploads\/2023\/02\/FLIGHTS.jpg\"},{\"@type\":\"BreadcrumbList\",\"@id\":\"https:\/\/zaxseaview.gr\/de\/location\/#breadcrumb\",\"itemListElement\":[{\"@type\":\"ListItem\",\"position\":1,\"name\":\"Home\",\"item\":\"https:\/\/zaxseaview.gr\/de\/homepage\/\"},{\"@type\":\"ListItem\",\"position\":2,\"name\":\"STANDORT\"}]},{\"@type\":\"WebSite\",\"@id\":\"https:\/\/zaxseaview.gr\/#website\",\"url\":\"https:\/\/zaxseaview.gr\/\",\"name\":\"Zax Sea View Villas\",\"description\":\"4 self-contained Villas in Ierapetra\",\"publisher\":{\"@id\":\"https:\/\/zaxseaview.gr\/#organization\"},\"potentialAction\":[{\"@type\":\"SearchAction\",\"target\":{\"@type\":\"EntryPoint\",\"urlTemplate\":\"https:\/\/zaxseaview.gr\/?s={search_term_string}\"},\"query-input\":{\"@type\":\"PropertyValueSpecification\",\"valueRequired\":true,\"valueName\":\"search_term_string\"}}],\"inLanguage\":\"de\"},{\"@type\":\"Organization\",\"@id\":\"https:\/\/zaxseaview.gr\/#organization\",\"name\":\"Zax Sea View Villas\",\"url\":\"https:\/\/zaxseaview.gr\/\",\"logo\":{\"@type\":\"ImageObject\",\"inLanguage\":\"de\",\"@id\":\"https:\/\/zaxseaview.gr\/#\/schema\/logo\/image\/\",\"url\":\"https:\/\/zaxseaview.gr\/wp-content\/uploads\/2022\/08\/ZAX-Sea-View.png\",\"contentUrl\":\"https:\/\/zaxseaview.gr\/wp-content\/uploads\/2022\/08\/ZAX-Sea-View.png\",\"width\":1326,\"height\":476,\"caption\":\"Zax Sea View Villas\"},\"image\":{\"@id\":\"https:\/\/zaxseaview.gr\/#\/schema\/logo\/image\/\"},\"sameAs\":[\"https:\/\/www.facebook.com\/zaxseaview\/\",\"https:\/\/www.youtube.com\/@zaxseaviewvillas\",\"https:\/\/www.instagram.com\/zaxseaviewvillas\"]}]}<\/script>\n<!-- \/ Yoast SEO plugin. -->","yoast_head_json":{"title":"STANDORT - Zax Sea View Villas","robots":{"index":"index","follow":"follow","max-snippet":"max-snippet:-1","max-image-preview":"max-image-preview:large","max-video-preview":"max-video-preview:-1"},"canonical":"https:\/\/zaxseaview.gr\/de\/location\/","og_locale":"de_DE","og_type":"article","og_title":"STANDORT - Zax Sea View Villas","og_description":"Unser Standort Wir befinden uns auf der S\u00fcdseite der Insel Kreta, im Dorf Koutsounari, in der N\u00e4he der Stadt Ierapetra. Google-Karte Entfernungen 102 km (90 Minuten Fahrt) vom Flughafen Heraklion9 km (10 Minuten Fahrt) von Ierapetra Stadt1,3 km (15 Minuten Fu\u00dfweg) zum Strand800 Meter (10 Minuten zu Fu\u00df) bis zur Bushaltestelle100 &#8211; 1000 Meter zu... Continue Reading","og_url":"https:\/\/zaxseaview.gr\/de\/location\/","og_site_name":"Zax Sea View Villas","article_publisher":"https:\/\/www.facebook.com\/zaxseaview\/","article_modified_time":"2023-08-10T07:18:21+00:00","og_image":[{"width":967,"height":996,"url":"https:\/\/zaxseaview.gr\/wp-content\/uploads\/2023\/02\/FLIGHTS.jpg","type":"image\/jpeg"}],"twitter_card":"summary_large_image","twitter_misc":{"Gesch\u00e4tzte Lesezeit":"1\u00a0Minute"},"schema":{"@context":"https:\/\/schema.org","@graph":[{"@type":"WebPage","@id":"https:\/\/zaxseaview.gr\/de\/location\/","url":"https:\/\/zaxseaview.gr\/de\/location\/","name":"STANDORT - Zax Sea View Villas","isPartOf":{"@id":"https:\/\/zaxseaview.gr\/#website"},"primaryImageOfPage":{"@id":"https:\/\/zaxseaview.gr\/de\/location\/#primaryimage"},"image":{"@id":"https:\/\/zaxseaview.gr\/de\/location\/#primaryimage"},"thumbnailUrl":"https:\/\/zaxseaview.gr\/wp-content\/uploads\/2023\/02\/FLIGHTS.jpg","datePublished":"2021-05-10T10:11:44+00:00","dateModified":"2023-08-10T07:18:21+00:00","breadcrumb":{"@id":"https:\/\/zaxseaview.gr\/de\/location\/#breadcrumb"},"inLanguage":"de","potentialAction":[{"@type":"ReadAction","target":["https:\/\/zaxseaview.gr\/de\/location\/"]}]},{"@type":"ImageObject","inLanguage":"de","@id":"https:\/\/zaxseaview.gr\/de\/location\/#primaryimage","url":"https:\/\/zaxseaview.gr\/wp-content\/uploads\/2023\/02\/FLIGHTS.jpg","contentUrl":"https:\/\/zaxseaview.gr\/wp-content\/uploads\/2023\/02\/FLIGHTS.jpg"},{"@type":"BreadcrumbList","@id":"https:\/\/zaxseaview.gr\/de\/location\/#breadcrumb","itemListElement":[{"@type":"ListItem","position":1,"name":"Home","item":"https:\/\/zaxseaview.gr\/de\/homepage\/"},{"@type":"ListItem","position":2,"name":"STANDORT"}]},{"@type":"WebSite","@id":"https:\/\/zaxseaview.gr\/#website","url":"https:\/\/zaxseaview.gr\/","name":"Zax Sea View Villas","description":"4 self-contained Villas in Ierapetra","publisher":{"@id":"https:\/\/zaxseaview.gr\/#organization"},"potentialAction":[{"@type":"SearchAction","target":{"@type":"EntryPoint","urlTemplate":"https:\/\/zaxseaview.gr\/?s={search_term_string}"},"query-input":{"@type":"PropertyValueSpecification","valueRequired":true,"valueName":"search_term_string"}}],"inLanguage":"de"},{"@type":"Organization","@id":"https:\/\/zaxseaview.gr\/#organization","name":"Zax Sea View Villas","url":"https:\/\/zaxseaview.gr\/","logo":{"@type":"ImageObject","inLanguage":"de","@id":"https:\/\/zaxseaview.gr\/#\/schema\/logo\/image\/","url":"https:\/\/zaxseaview.gr\/wp-content\/uploads\/2022\/08\/ZAX-Sea-View.png","contentUrl":"https:\/\/zaxseaview.gr\/wp-content\/uploads\/2022\/08\/ZAX-Sea-View.png","width":1326,"height":476,"caption":"Zax Sea View Villas"},"image":{"@id":"https:\/\/zaxseaview.gr\/#\/schema\/logo\/image\/"},"sameAs":["https:\/\/www.facebook.com\/zaxseaview\/","https:\/\/www.youtube.com\/@zaxseaviewvillas","https:\/\/www.instagram.com\/zaxseaviewvillas"]}]}},"_links":{"self":[{"href":"https:\/\/zaxseaview.gr\/de\/wp-json\/wp\/v2\/pages\/8886","targetHints":{"allow":["GET"]}}],"collection":[{"href":"https:\/\/zaxseaview.gr\/de\/wp-json\/wp\/v2\/pages"}],"about":[{"href":"https:\/\/zaxseaview.gr\/de\/wp-json\/wp\/v2\/types\/page"}],"author":[{"embeddable":true,"href":"https:\/\/zaxseaview.gr\/de\/wp-json\/wp\/v2\/users\/2"}],"replies":[{"embeddable":true,"href":"https:\/\/zaxseaview.gr\/de\/wp-json\/wp\/v2\/comments?post=8886"}],"version-history":[{"count":4,"href":"https:\/\/zaxseaview.gr\/de\/wp-json\/wp\/v2\/pages\/8886\/revisions"}],"predecessor-version":[{"id":8890,"href":"https:\/\/zaxseaview.gr\/de\/wp-json\/wp\/v2\/pages\/8886\/revisions\/8890"}],"wp:attachment":[{"href":"https:\/\/zaxseaview.gr\/de\/wp-json\/wp\/v2\/media?parent=8886"}],"curies":[{"name":"wp","href":"https:\/\/api.w.org\/{rel}","templated":true}]}}