{"id":9006,"date":"2023-06-08T15:59:20","date_gmt":"2023-06-08T12:59:20","guid":{"rendered":"https:\/\/zaxseaview.gr\/accommodations\/"},"modified":"2023-06-08T15:59:20","modified_gmt":"2023-06-08T12:59:20","slug":"accommodations","status":"publish","type":"page","link":"https:\/\/zaxseaview.gr\/de\/accommodations\/","title":{"rendered":"Accommodations"},"content":{"rendered":"<div class=\"mphb_sc_rooms-wrapper mphb-room-types \">\n<div class=\"mphb-room-type post-9029 mphb_room_type type-mphb_room_type status-publish has-post-thumbnail mphb-room-type-adults-4 mphb-room-type-children-2 \">\n\n\t\n\t\n\n\t<p class=\"post-thumbnail mphb-loop-room-thumbnail\">\n\t<a href=\"https:\/\/zaxseaview.gr\/de\/accommodation\/two-bedroom-sea-view-villa-with-terrace-amea\/\">\n\t<img fetchpriority=\"high\" decoding=\"async\" width=\"1800\" height=\"1350\" src=\"https:\/\/zaxseaview.gr\/wp-content\/uploads\/2023\/02\/IMG_4880.jpg\" class=\"attachment-post-thumbnail size-post-thumbnail wp-post-image\" alt=\"\" srcset=\"https:\/\/zaxseaview.gr\/wp-content\/uploads\/2023\/02\/IMG_4880.jpg 1800w, https:\/\/zaxseaview.gr\/wp-content\/uploads\/2023\/02\/IMG_4880-300x225.jpg 300w, https:\/\/zaxseaview.gr\/wp-content\/uploads\/2023\/02\/IMG_4880-1024x768.jpg 1024w, https:\/\/zaxseaview.gr\/wp-content\/uploads\/2023\/02\/IMG_4880-768x576.jpg 768w, https:\/\/zaxseaview.gr\/wp-content\/uploads\/2023\/02\/IMG_4880-1536x1152.jpg 1536w, https:\/\/zaxseaview.gr\/wp-content\/uploads\/2023\/02\/IMG_4880-400x300.jpg 400w\" sizes=\"(max-width: 1800px) 100vw, 1800px\" \/>\t<\/a>\n\n\t<\/p>\n\n<h2 class=\"mphb-room-type-title entry-title\">\n\n<a class=\"mphb-room-type-title\" href=\"https:\/\/zaxseaview.gr\/de\/accommodation\/two-bedroom-sea-view-villa-with-terrace-amea\/\">TWO BEDROOM SEA VIEW VILLA WITH TERRACE (amea)<\/a>\n\n<\/h2>\n\n<p>Easy access sea view villa with 2 separate bedrooms, kitchen, living area and comfortable terrace<\/p>\n\n\n<h3 class=\"mphb-room-type-details-title\">Details<\/h3><ul class=\"mphb-loop-room-type-attributes\">\n\n\n\t<li class=\"mphb-room-type-adults-capacity\"><span class=\"mphb-attribute-title mphb-adults-title\">Erwachsene:<\/span><span class=\"mphb-attribute-value\">\n\t4\n\t<\/span><\/li>\n\t\n\n\t<li class=\"mphb-room-type-children-capacity\"><span class=\"mphb-attribute-title mphb-children-title\">Kinder:<\/span><span class=\"mphb-attribute-value\">\n\t2\n\t<\/span><\/li>\n\t\n\n\n\n\n\n\t<li class=\"mphb-room-type-size\"><span class=\"mphb-attribute-title mphb-size-title\">Gr\u00f6\u00dfe:<\/span><span class=\"mphb-attribute-value\">\n\t70m\u00b2\n\t<\/span><\/li>\n\t\n\n\n\n<\/ul>\n\n\t<p class=\"mphb-regular-price\"><strong>Preis von:<\/strong>\n\t<span class=\"mphb-price\"><span class=\"mphb-currency\">&euro;<\/span>150<\/span> <span class=\"mphb-price-period\" title=\"W\u00e4hlen Sie Daten, um relevante Preise zu sehen\">pro Nacht<\/span>\n\t<\/p>\n\t\n<p class=\"mphb-view-details-button-wrapper\">\n<a class=\"button mphb-view-details-button\" href=\"https:\/\/zaxseaview.gr\/de\/accommodation\/two-bedroom-sea-view-villa-with-terrace-amea\/\" >Details ansehen<\/a>\n<\/p>\n<div class=\"mphb-to-book-btn-wrapper\">\n<form action=\"https:\/\/zaxseaview.gr\/de\/accommodation\/two-bedroom-sea-view-villa-with-terrace-amea\/#booking-form-9029\" method=\"get\" ><button type=\"submit\" class=\"button mphb-book-button\" >Buchen<\/button><\/form>\n<br\/><\/div>\n\t\n<\/div>\n\n<div class=\"mphb-room-type post-9032 mphb_room_type type-mphb_room_type status-publish mphb-room-type-adults-18 mphb-room-type-children-8 \">\n\n\t\n\t\n<h2 class=\"mphb-room-type-title entry-title\">\n\n<a class=\"mphb-room-type-title\" href=\"https:\/\/zaxseaview.gr\/de\/accommodation\/4-villas-sea-view-complex-with-pool\/\">4 VILLEN MEERBLICK-ANLAGE MIT POOL<\/a>\n\n<\/h2>\n\n<p>Komplex mit Meerblick und 6 Schlafzimmern f\u00fcr gro\u00dfe Gruppen oder Gro\u00dffamilien<\/p>\n\n\n<h3 class=\"mphb-room-type-details-title\">Details<\/h3><ul class=\"mphb-loop-room-type-attributes\">\n\t<li class=\"mphb-room-type-total-capacity\"><span class=\"mphb-attribute-title mphb-total-capacity-title\">G\u00e4ste:<\/span><span class=\"mphb-attribute-value\">\n\t20\n\t<\/span><\/li>\t\n\n\n\n\n\n\t<li class=\"mphb-room-type-view\"><span class=\"mphb-attribute-title mphb-view-title\">Ansicht:<\/span><span class=\"mphb-attribute-value\">\n\tSea view\n\t<\/span><\/li>\n\t\n\n\n\t<li class=\"mphb-room-type-size\"><span class=\"mphb-attribute-title mphb-size-title\">Gr\u00f6\u00dfe:<\/span><span class=\"mphb-attribute-value\">\n\t300m\u00b2\n\t<\/span><\/li>\n\t\n\n\n\n<\/ul>\n\n\t<p class=\"mphb-regular-price\"><strong>Preis von:<\/strong>\n\t<span class=\"mphb-price\"><span class=\"mphb-currency\">&euro;<\/span>500<\/span> <span class=\"mphb-price-period\" title=\"W\u00e4hlen Sie Daten, um relevante Preise zu sehen\">pro Nacht<\/span>\n\t<\/p>\n\t\n<p class=\"mphb-view-details-button-wrapper\">\n<a class=\"button mphb-view-details-button\" href=\"https:\/\/zaxseaview.gr\/de\/accommodation\/4-villas-sea-view-complex-with-pool\/\" >Details ansehen<\/a>\n<\/p>\n<div class=\"mphb-to-book-btn-wrapper\">\n<form action=\"https:\/\/zaxseaview.gr\/de\/accommodation\/4-villas-sea-view-complex-with-pool\/#booking-form-9032\" method=\"get\" ><button type=\"submit\" class=\"button mphb-book-button\" >Buchen<\/button><\/form>\n<br\/><\/div>\n\t\n<\/div>\n\n<div class=\"mphb-room-type post-9035 mphb_room_type type-mphb_room_type status-publish has-post-thumbnail mphb-room-type-adults-4 mphb-room-type-children-3 \">\n\n\t\n\t\n\n\t<p class=\"post-thumbnail mphb-loop-room-thumbnail\">\n\t<a href=\"https:\/\/zaxseaview.gr\/de\/accommodation\/two-bedroom-sea-view-maisonette-with-terrace\/\">\n\t<img decoding=\"async\" width=\"1800\" height=\"1693\" src=\"https:\/\/zaxseaview.gr\/wp-content\/uploads\/2023\/02\/b2bfacade.jpg\" class=\"attachment-post-thumbnail size-post-thumbnail wp-post-image\" alt=\"\" srcset=\"https:\/\/zaxseaview.gr\/wp-content\/uploads\/2023\/02\/b2bfacade.jpg 1800w, https:\/\/zaxseaview.gr\/wp-content\/uploads\/2023\/02\/b2bfacade-300x282.jpg 300w, https:\/\/zaxseaview.gr\/wp-content\/uploads\/2023\/02\/b2bfacade-1024x963.jpg 1024w, https:\/\/zaxseaview.gr\/wp-content\/uploads\/2023\/02\/b2bfacade-768x722.jpg 768w, https:\/\/zaxseaview.gr\/wp-content\/uploads\/2023\/02\/b2bfacade-1536x1445.jpg 1536w\" sizes=\"(max-width: 1800px) 100vw, 1800px\" \/>\t<\/a>\n\n\t<\/p>\n\n<h2 class=\"mphb-room-type-title entry-title\">\n\n<a class=\"mphb-room-type-title\" href=\"https:\/\/zaxseaview.gr\/de\/accommodation\/two-bedroom-sea-view-maisonette-with-terrace\/\">TWO BEDROOM SEA VIEW MAISONETTE WITH TERRACE<\/a>\n\n<\/h2>\n\n<p>Sea view 2 level maizonete, ideal for older kids, with 2 separate bedrooms, kitchen, living area and comfortable terrace<\/p>\n\n\n<h3 class=\"mphb-room-type-details-title\">Details<\/h3><ul class=\"mphb-loop-room-type-attributes\">\n\t<li class=\"mphb-room-type-total-capacity\"><span class=\"mphb-attribute-title mphb-total-capacity-title\">G\u00e4ste:<\/span><span class=\"mphb-attribute-value\">\n\t6\n\t<\/span><\/li>\t\n\n\n\n\n\n\t<li class=\"mphb-room-type-view\"><span class=\"mphb-attribute-title mphb-view-title\">Ansicht:<\/span><span class=\"mphb-attribute-value\">\n\tSea view, swimming pool\n\t<\/span><\/li>\n\t\n\n\n\t<li class=\"mphb-room-type-size\"><span class=\"mphb-attribute-title mphb-size-title\">Gr\u00f6\u00dfe:<\/span><span class=\"mphb-attribute-value\">\n\t80m\u00b2\n\t<\/span><\/li>\n\t\n\n\t<li class=\"mphb-room-type-bed-type\"><span  class=\"mphb-attribute-title mphb-bed-type-title\">Bettentyp:<\/span><span class=\"mphb-attribute-value\">\n\tKing size 180cm , bunk bed , sofa bed\n\t<\/span><\/li>\n\t\n\n<\/ul>\n\n\t<p class=\"mphb-regular-price\"><strong>Preis von:<\/strong>\n\t<span class=\"mphb-price\"><span class=\"mphb-currency\">&euro;<\/span>150<\/span> <span class=\"mphb-price-period\" title=\"W\u00e4hlen Sie Daten, um relevante Preise zu sehen\">pro Nacht<\/span>\n\t<\/p>\n\t\n<p class=\"mphb-view-details-button-wrapper\">\n<a class=\"button mphb-view-details-button\" href=\"https:\/\/zaxseaview.gr\/de\/accommodation\/two-bedroom-sea-view-maisonette-with-terrace\/\" >Details ansehen<\/a>\n<\/p>\n<div class=\"mphb-to-book-btn-wrapper\">\n<form action=\"https:\/\/zaxseaview.gr\/de\/accommodation\/two-bedroom-sea-view-maisonette-with-terrace\/#booking-form-9035\" method=\"get\" ><button type=\"submit\" class=\"button mphb-book-button\" >Buchen<\/button><\/form>\n<br\/><\/div>\n\t\n<\/div>\n\n<div class=\"mphb-room-type post-9038 mphb_room_type type-mphb_room_type status-publish has-post-thumbnail mphb-room-type-adults-4 mphb-room-type-children-2 \">\n\n\t\n\t\n\n\t<p class=\"post-thumbnail mphb-loop-room-thumbnail\">\n\t<a href=\"https:\/\/zaxseaview.gr\/de\/accommodation\/two-bedroom-sea-view-villa-with-terrace\/\">\n\t<img decoding=\"async\" width=\"2048\" height=\"1232\" src=\"https:\/\/zaxseaview.gr\/wp-content\/uploads\/2021\/06\/Two-bedroom-Sea-View-villa-with-terrace-1.jpg\" class=\"attachment-post-thumbnail size-post-thumbnail wp-post-image\" alt=\"\" srcset=\"https:\/\/zaxseaview.gr\/wp-content\/uploads\/2021\/06\/Two-bedroom-Sea-View-villa-with-terrace-1.jpg 2048w, https:\/\/zaxseaview.gr\/wp-content\/uploads\/2021\/06\/Two-bedroom-Sea-View-villa-with-terrace-1-300x180.jpg 300w, https:\/\/zaxseaview.gr\/wp-content\/uploads\/2021\/06\/Two-bedroom-Sea-View-villa-with-terrace-1-1024x616.jpg 1024w, https:\/\/zaxseaview.gr\/wp-content\/uploads\/2021\/06\/Two-bedroom-Sea-View-villa-with-terrace-1-768x462.jpg 768w, https:\/\/zaxseaview.gr\/wp-content\/uploads\/2021\/06\/Two-bedroom-Sea-View-villa-with-terrace-1-1536x924.jpg 1536w\" sizes=\"(max-width: 2048px) 100vw, 2048px\" \/>\t<\/a>\n\n\t<\/p>\n\n<h2 class=\"mphb-room-type-title entry-title\">\n\n<a class=\"mphb-room-type-title\" href=\"https:\/\/zaxseaview.gr\/de\/accommodation\/two-bedroom-sea-view-villa-with-terrace\/\">TWO BEDROOM SEA VIEW DETACHED VILLA WITH TERRACE No.3<\/a>\n\n<\/h2>\n\n<p>Family with toddler friendly detached sea view villa with 2 separate bedrooms, kitchen, living area and comfortable terrace<\/p>\n\n\n<h3 class=\"mphb-room-type-details-title\">Details<\/h3><ul class=\"mphb-loop-room-type-attributes\">\n\n\n\t<li class=\"mphb-room-type-adults-capacity\"><span class=\"mphb-attribute-title mphb-adults-title\">Erwachsene:<\/span><span class=\"mphb-attribute-value\">\n\t4\n\t<\/span><\/li>\n\t\n\n\t<li class=\"mphb-room-type-children-capacity\"><span class=\"mphb-attribute-title mphb-children-title\">Kinder:<\/span><span class=\"mphb-attribute-value\">\n\t2\n\t<\/span><\/li>\n\t\n\n\n\n\n\n\t<li class=\"mphb-room-type-size\"><span class=\"mphb-attribute-title mphb-size-title\">Gr\u00f6\u00dfe:<\/span><span class=\"mphb-attribute-value\">\n\t70m\u00b2\n\t<\/span><\/li>\n\t\n\n\n\n<\/ul>\n\n\t<p class=\"mphb-regular-price\"><strong>Preis von:<\/strong>\n\t<span class=\"mphb-price\"><span class=\"mphb-currency\">&euro;<\/span>160<\/span> <span class=\"mphb-price-period\" title=\"W\u00e4hlen Sie Daten, um relevante Preise zu sehen\">pro Nacht<\/span>\n\t<\/p>\n\t\n<p class=\"mphb-view-details-button-wrapper\">\n<a class=\"button mphb-view-details-button\" href=\"https:\/\/zaxseaview.gr\/de\/accommodation\/two-bedroom-sea-view-villa-with-terrace\/\" >Details ansehen<\/a>\n<\/p>\n<div class=\"mphb-to-book-btn-wrapper\">\n<form action=\"https:\/\/zaxseaview.gr\/de\/accommodation\/two-bedroom-sea-view-villa-with-terrace\/#booking-form-9038\" method=\"get\" ><button type=\"submit\" class=\"button mphb-book-button\" >Buchen<\/button><\/form>\n<br\/><\/div>\n\t\n<\/div>\n\n<div class=\"mphb-room-type post-9041 mphb_room_type type-mphb_room_type status-publish mphb-room-type-adults-4 mphb-room-type-children-2 \">\n\n\t\n\t\n<h2 class=\"mphb-room-type-title entry-title\">\n\n<a class=\"mphb-room-type-title\" href=\"https:\/\/zaxseaview.gr\/de\/accommodation\/two-bedroom-sea-view-detached-maisonette-with-terrace\/\">TWO BEDROOM DETACHED MAISONETTE WITH TERRACE No.1<\/a>\n\n<\/h2>\n\n<p>2 level maizonete, ideal for older kids, with 2 separate bedrooms, kitchen, living area and comfortable terrace<\/p>\n\n\n<h3 class=\"mphb-room-type-details-title\">Details<\/h3><ul class=\"mphb-loop-room-type-attributes\">\n\t<li class=\"mphb-room-type-total-capacity\"><span class=\"mphb-attribute-title mphb-total-capacity-title\">G\u00e4ste:<\/span><span class=\"mphb-attribute-value\">\n\t5\n\t<\/span><\/li>\t\n\n\n\n\n\n\t<li class=\"mphb-room-type-view\"><span class=\"mphb-attribute-title mphb-view-title\">Ansicht:<\/span><span class=\"mphb-attribute-value\">\n\tSea view\n\t<\/span><\/li>\n\t\n\n\n\t<li class=\"mphb-room-type-size\"><span class=\"mphb-attribute-title mphb-size-title\">Gr\u00f6\u00dfe:<\/span><span class=\"mphb-attribute-value\">\n\t80m\u00b2\n\t<\/span><\/li>\n\t\n\n\t<li class=\"mphb-room-type-bed-type\"><span  class=\"mphb-attribute-title mphb-bed-type-title\">Bettentyp:<\/span><span class=\"mphb-attribute-value\">\n\tdouble bed 140cm, 2 single beds\n\t<\/span><\/li>\n\t\n\n<\/ul>\n\n\t<p class=\"mphb-regular-price\"><strong>Preis von:<\/strong>\n\t<span class=\"mphb-price\"><span class=\"mphb-currency\">&euro;<\/span>200<\/span> <span class=\"mphb-price-period\" title=\"W\u00e4hlen Sie Daten, um relevante Preise zu sehen\">pro Nacht<\/span>\n\t<\/p>\n\t\n<p class=\"mphb-view-details-button-wrapper\">\n<a class=\"button mphb-view-details-button\" href=\"https:\/\/zaxseaview.gr\/de\/accommodation\/two-bedroom-sea-view-detached-maisonette-with-terrace\/\" >Details ansehen<\/a>\n<\/p>\n<div class=\"mphb-to-book-btn-wrapper\">\n<form action=\"https:\/\/zaxseaview.gr\/de\/accommodation\/two-bedroom-sea-view-detached-maisonette-with-terrace\/#booking-form-9041\" method=\"get\" ><button type=\"submit\" class=\"button mphb-book-button\" >Buchen<\/button><\/form>\n<br\/><\/div>\n\t\n<\/div>\n<\/div>\n","protected":false},"excerpt":{"rendered":"","protected":false},"author":7,"featured_media":0,"parent":0,"menu_order":0,"comment_status":"closed","ping_status":"closed","template":"","meta":{"_monsterinsights_skip_tracking":false,"_monsterinsights_sitenote_active":false,"_monsterinsights_sitenote_note":"","_monsterinsights_sitenote_category":0,"footnotes":""},"class_list":["post-9006","page","type-page","status-publish","hentry"],"yoast_head":"<!-- This site is optimized with the Yoast SEO plugin v27.0 - https:\/\/yoast.com\/product\/yoast-seo-wordpress\/ -->\n<title>Accommodations - Zax Sea View Villas<\/title>\n<meta name=\"robots\" content=\"index, follow, max-snippet:-1, max-image-preview:large, max-video-preview:-1\" \/>\n<link rel=\"canonical\" href=\"https:\/\/zaxseaview.gr\/de\/accommodations\/\" \/>\n<meta property=\"og:locale\" content=\"de_DE\" \/>\n<meta property=\"og:type\" content=\"article\" \/>\n<meta property=\"og:title\" content=\"Accommodations - Zax Sea View Villas\" \/>\n<meta property=\"og:url\" content=\"https:\/\/zaxseaview.gr\/de\/accommodations\/\" \/>\n<meta property=\"og:site_name\" content=\"Zax Sea View Villas\" \/>\n<meta property=\"article:publisher\" content=\"https:\/\/www.facebook.com\/zaxseaview\/\" \/>\n<meta name=\"twitter:card\" content=\"summary_large_image\" \/>\n<script type=\"application\/ld+json\" class=\"yoast-schema-graph\">{\"@context\":\"https:\/\/schema.org\",\"@graph\":[{\"@type\":\"WebPage\",\"@id\":\"https:\/\/zaxseaview.gr\/de\/accommodations\/\",\"url\":\"https:\/\/zaxseaview.gr\/de\/accommodations\/\",\"name\":\"Accommodations - Zax Sea View Villas\",\"isPartOf\":{\"@id\":\"https:\/\/zaxseaview.gr\/#website\"},\"datePublished\":\"2023-06-08T12:59:20+00:00\",\"breadcrumb\":{\"@id\":\"https:\/\/zaxseaview.gr\/de\/accommodations\/#breadcrumb\"},\"inLanguage\":\"de\",\"potentialAction\":[{\"@type\":\"ReadAction\",\"target\":[\"https:\/\/zaxseaview.gr\/de\/accommodations\/\"]}]},{\"@type\":\"BreadcrumbList\",\"@id\":\"https:\/\/zaxseaview.gr\/de\/accommodations\/#breadcrumb\",\"itemListElement\":[{\"@type\":\"ListItem\",\"position\":1,\"name\":\"Home\",\"item\":\"https:\/\/zaxseaview.gr\/de\/homepage\/\"},{\"@type\":\"ListItem\",\"position\":2,\"name\":\"Accommodations\"}]},{\"@type\":\"WebSite\",\"@id\":\"https:\/\/zaxseaview.gr\/#website\",\"url\":\"https:\/\/zaxseaview.gr\/\",\"name\":\"Zax Sea View Villas\",\"description\":\"4 self-contained Villas in Ierapetra\",\"publisher\":{\"@id\":\"https:\/\/zaxseaview.gr\/#organization\"},\"potentialAction\":[{\"@type\":\"SearchAction\",\"target\":{\"@type\":\"EntryPoint\",\"urlTemplate\":\"https:\/\/zaxseaview.gr\/?s={search_term_string}\"},\"query-input\":{\"@type\":\"PropertyValueSpecification\",\"valueRequired\":true,\"valueName\":\"search_term_string\"}}],\"inLanguage\":\"de\"},{\"@type\":\"Organization\",\"@id\":\"https:\/\/zaxseaview.gr\/#organization\",\"name\":\"Zax Sea View Villas\",\"url\":\"https:\/\/zaxseaview.gr\/\",\"logo\":{\"@type\":\"ImageObject\",\"inLanguage\":\"de\",\"@id\":\"https:\/\/zaxseaview.gr\/#\/schema\/logo\/image\/\",\"url\":\"https:\/\/zaxseaview.gr\/wp-content\/uploads\/2022\/08\/ZAX-Sea-View.png\",\"contentUrl\":\"https:\/\/zaxseaview.gr\/wp-content\/uploads\/2022\/08\/ZAX-Sea-View.png\",\"width\":1326,\"height\":476,\"caption\":\"Zax Sea View Villas\"},\"image\":{\"@id\":\"https:\/\/zaxseaview.gr\/#\/schema\/logo\/image\/\"},\"sameAs\":[\"https:\/\/www.facebook.com\/zaxseaview\/\",\"https:\/\/www.youtube.com\/@zaxseaviewvillas\",\"https:\/\/www.instagram.com\/zaxseaviewvillas\"]}]}<\/script>\n<!-- \/ Yoast SEO plugin. -->","yoast_head_json":{"title":"Accommodations - Zax Sea View Villas","robots":{"index":"index","follow":"follow","max-snippet":"max-snippet:-1","max-image-preview":"max-image-preview:large","max-video-preview":"max-video-preview:-1"},"canonical":"https:\/\/zaxseaview.gr\/de\/accommodations\/","og_locale":"de_DE","og_type":"article","og_title":"Accommodations - Zax Sea View Villas","og_url":"https:\/\/zaxseaview.gr\/de\/accommodations\/","og_site_name":"Zax Sea View Villas","article_publisher":"https:\/\/www.facebook.com\/zaxseaview\/","twitter_card":"summary_large_image","schema":{"@context":"https:\/\/schema.org","@graph":[{"@type":"WebPage","@id":"https:\/\/zaxseaview.gr\/de\/accommodations\/","url":"https:\/\/zaxseaview.gr\/de\/accommodations\/","name":"Accommodations - Zax Sea View Villas","isPartOf":{"@id":"https:\/\/zaxseaview.gr\/#website"},"datePublished":"2023-06-08T12:59:20+00:00","breadcrumb":{"@id":"https:\/\/zaxseaview.gr\/de\/accommodations\/#breadcrumb"},"inLanguage":"de","potentialAction":[{"@type":"ReadAction","target":["https:\/\/zaxseaview.gr\/de\/accommodations\/"]}]},{"@type":"BreadcrumbList","@id":"https:\/\/zaxseaview.gr\/de\/accommodations\/#breadcrumb","itemListElement":[{"@type":"ListItem","position":1,"name":"Home","item":"https:\/\/zaxseaview.gr\/de\/homepage\/"},{"@type":"ListItem","position":2,"name":"Accommodations"}]},{"@type":"WebSite","@id":"https:\/\/zaxseaview.gr\/#website","url":"https:\/\/zaxseaview.gr\/","name":"Zax Sea View Villas","description":"4 self-contained Villas in Ierapetra","publisher":{"@id":"https:\/\/zaxseaview.gr\/#organization"},"potentialAction":[{"@type":"SearchAction","target":{"@type":"EntryPoint","urlTemplate":"https:\/\/zaxseaview.gr\/?s={search_term_string}"},"query-input":{"@type":"PropertyValueSpecification","valueRequired":true,"valueName":"search_term_string"}}],"inLanguage":"de"},{"@type":"Organization","@id":"https:\/\/zaxseaview.gr\/#organization","name":"Zax Sea View Villas","url":"https:\/\/zaxseaview.gr\/","logo":{"@type":"ImageObject","inLanguage":"de","@id":"https:\/\/zaxseaview.gr\/#\/schema\/logo\/image\/","url":"https:\/\/zaxseaview.gr\/wp-content\/uploads\/2022\/08\/ZAX-Sea-View.png","contentUrl":"https:\/\/zaxseaview.gr\/wp-content\/uploads\/2022\/08\/ZAX-Sea-View.png","width":1326,"height":476,"caption":"Zax Sea View Villas"},"image":{"@id":"https:\/\/zaxseaview.gr\/#\/schema\/logo\/image\/"},"sameAs":["https:\/\/www.facebook.com\/zaxseaview\/","https:\/\/www.youtube.com\/@zaxseaviewvillas","https:\/\/www.instagram.com\/zaxseaviewvillas"]}]}},"_links":{"self":[{"href":"https:\/\/zaxseaview.gr\/de\/wp-json\/wp\/v2\/pages\/9006","targetHints":{"allow":["GET"]}}],"collection":[{"href":"https:\/\/zaxseaview.gr\/de\/wp-json\/wp\/v2\/pages"}],"about":[{"href":"https:\/\/zaxseaview.gr\/de\/wp-json\/wp\/v2\/types\/page"}],"author":[{"embeddable":true,"href":"https:\/\/zaxseaview.gr\/de\/wp-json\/wp\/v2\/users\/7"}],"replies":[{"embeddable":true,"href":"https:\/\/zaxseaview.gr\/de\/wp-json\/wp\/v2\/comments?post=9006"}],"version-history":[{"count":0,"href":"https:\/\/zaxseaview.gr\/de\/wp-json\/wp\/v2\/pages\/9006\/revisions"}],"wp:attachment":[{"href":"https:\/\/zaxseaview.gr\/de\/wp-json\/wp\/v2\/media?parent=9006"}],"curies":[{"name":"wp","href":"https:\/\/api.w.org\/{rel}","templated":true}]}}