{"id":8672,"date":"2023-01-11T10:08:41","date_gmt":"2023-01-11T08:08:41","guid":{"rendered":"https:\/\/zaxseaview.gr\/the-property\/"},"modified":"2023-07-27T13:26:00","modified_gmt":"2023-07-27T10:26:00","slug":"the-property","status":"publish","type":"page","link":"https:\/\/zaxseaview.gr\/fr\/the-property\/","title":{"rendered":"LA R\u00c9SIDENCE"},"content":{"rendered":"\t\t<div data-elementor-type=\"wp-page\" data-elementor-id=\"8672\" class=\"elementor elementor-8672 elementor-6196\">\n\t\t\t\t\t\t<section class=\"elementor-section elementor-top-section elementor-element elementor-element-1ca64fb9 elementor-section-stretched elementor-section-boxed elementor-section-height-default elementor-section-height-default\" data-id=\"1ca64fb9\" data-element_type=\"section\" data-settings=\"{&quot;stretch_section&quot;:&quot;section-stretched&quot;}\">\n\t\t\t\t\t\t<div class=\"elementor-container elementor-column-gap-default\">\n\t\t\t\t\t<div class=\"elementor-column elementor-col-100 elementor-top-column elementor-element elementor-element-440b1d49\" data-id=\"440b1d49\" data-element_type=\"column\">\n\t\t\t<div class=\"elementor-widget-wrap elementor-element-populated\">\n\t\t\t\t\t\t<div class=\"elementor-element elementor-element-7458fea6 elementor-widget elementor-widget-text-editor\" data-id=\"7458fea6\" data-element_type=\"widget\" data-widget_type=\"text-editor.default\">\n\t\t\t\t<div class=\"elementor-widget-container\">\n\t\t\t\t\t\t\t<p>Notre complexe se compose de quatre villas ind\u00e9pendantes distinctes et enti\u00e8rement meubl\u00e9es. Chacune dispose d&rsquo;un balcon ou d\u2019une terrasse priv\u00e9e, d&rsquo;une cuisine compl\u00e8te, de salles de bains spacieuses, d&rsquo;une salle \u00e0 manger et d&rsquo;un salon, et d&rsquo;une vue sur la mer M\u00e9diterran\u00e9e qui n&rsquo;est pas obstru\u00e9e. Une aire de jeux, un balcon-salon, un espace barbecue et une piscine sont partag\u00e9s par les quatre appartements.<\/p><p>Nous souhaitons que nos h\u00f4tes profitent de leur intimit\u00e9 et de leurs loisirs comme ils l&rsquo;entendent, sans \u00eatre d\u00e9rang\u00e9s par leurs h\u00f4tes. Toutefois, si vous souhaitez b\u00e9n\u00e9ficier de l&rsquo;un des services de la propri\u00e9t\u00e9, veuillez nous demander le transfert de l&rsquo;a\u00e9roport, la restauration du petit-d\u00e9jeuner, la garde d&rsquo;enfants, le service de m\u00e9nage, etc. Nous disposons de toute l&rsquo;infrastructure et de tous les \u00e9quipements n\u00e9cessaires pour rendre votre s\u00e9jour aussi agr\u00e9able que possible.<\/p><p>Le confort et la s\u00e9curit\u00e9 sont nos principales pr\u00e9occupations. Chaque villa est enti\u00e8rement \u00e9quip\u00e9e, de la literie aux appareils \u00e9lectrom\u00e9nagers en passant par les jouets et les divertissements. Des appareils \u00e9lectriques de grande taille, un mobilier de haute qualit\u00e9 et les matelas les plus confortables. Enfin, nos logements sont s\u00e9curis\u00e9s et accessibles \u00e0 tous les \u00e2ges, des b\u00e9b\u00e9s aux personnes \u00e2g\u00e9es, gr\u00e2ce \u00e0 des rampes d&rsquo;acc\u00e8s, des barri\u00e8res de piscine, des d\u00e9tecteurs de fum\u00e9e, des entr\u00e9es sans marches, etc.<\/p><p>Notre service VIP optionnel comprend les transferts \u00e0 l&rsquo;a\u00e9roport, la garde d&rsquo;enfants ou l&rsquo;assistance aux personnes \u00e2g\u00e9es, la livraison d&rsquo;une voiture de location, la pr\u00e9sence d&rsquo;un responsable de la garde d&rsquo;enfants \u00e0 la propri\u00e9t\u00e9 et bien plus encore.<\/p>\t\t\t\t\t\t<\/div>\n\t\t\t\t<\/div>\n\t\t\t\t\t<\/div>\n\t\t<\/div>\n\t\t\t\t\t<\/div>\n\t\t<\/section>\n\t\t\t\t<\/div>\n\t\t","protected":false},"excerpt":{"rendered":"<p>Notre complexe se compose de quatre villas ind\u00e9pendantes distinctes et enti\u00e8rement meubl\u00e9es. Chacune dispose d&rsquo;un balcon ou d\u2019une terrasse priv\u00e9e, d&rsquo;une cuisine compl\u00e8te, de salles de bains spacieuses, d&rsquo;une salle \u00e0 manger et d&rsquo;un salon, et d&rsquo;une vue sur la mer M\u00e9diterran\u00e9e qui n&rsquo;est pas obstru\u00e9e. Une aire de jeux, un balcon-salon, un espace barbecue&#8230; <\/p>\n<div class=\"clear\"><\/div>\n<p><a href=\"https:\/\/zaxseaview.gr\/fr\/the-property\/\" class=\"excerpt-read-more\">Continue Reading<i class=\"fa fa-long-arrow-right icon-long-arrow-right\"><\/i><\/a><\/p>\n","protected":false},"author":2,"featured_media":0,"parent":0,"menu_order":0,"comment_status":"closed","ping_status":"closed","template":"","meta":{"_monsterinsights_skip_tracking":false,"_monsterinsights_sitenote_active":false,"_monsterinsights_sitenote_note":"","_monsterinsights_sitenote_category":0,"footnotes":""},"class_list":["post-8672","page","type-page","status-publish","hentry"],"yoast_head":"<!-- This site is optimized with the Yoast SEO plugin v27.0 - https:\/\/yoast.com\/product\/yoast-seo-wordpress\/ -->\n<title>LA R\u00c9SIDENCE - Zax Sea View Villas<\/title>\n<meta name=\"robots\" content=\"index, follow, max-snippet:-1, max-image-preview:large, max-video-preview:-1\" \/>\n<link rel=\"canonical\" href=\"https:\/\/zaxseaview.gr\/fr\/the-property\/\" \/>\n<meta property=\"og:locale\" content=\"fr_FR\" \/>\n<meta property=\"og:type\" content=\"article\" \/>\n<meta property=\"og:title\" content=\"LA R\u00c9SIDENCE - Zax Sea View Villas\" \/>\n<meta property=\"og:description\" content=\"Notre complexe se compose de quatre villas ind\u00e9pendantes distinctes et enti\u00e8rement meubl\u00e9es. Chacune dispose d&rsquo;un balcon ou d\u2019une terrasse priv\u00e9e, d&rsquo;une cuisine compl\u00e8te, de salles de bains spacieuses, d&rsquo;une salle \u00e0 manger et d&rsquo;un salon, et d&rsquo;une vue sur la mer M\u00e9diterran\u00e9e qui n&rsquo;est pas obstru\u00e9e. Une aire de jeux, un balcon-salon, un espace barbecue... Continue Reading\" \/>\n<meta property=\"og:url\" content=\"https:\/\/zaxseaview.gr\/fr\/the-property\/\" \/>\n<meta property=\"og:site_name\" content=\"Zax Sea View Villas\" \/>\n<meta property=\"article:publisher\" content=\"https:\/\/www.facebook.com\/zaxseaview\/\" \/>\n<meta property=\"article:modified_time\" content=\"2023-07-27T10:26:00+00:00\" \/>\n<meta name=\"twitter:card\" content=\"summary_large_image\" \/>\n<meta name=\"twitter:label1\" content=\"Dur\u00e9e de lecture estim\u00e9e\" \/>\n\t<meta name=\"twitter:data1\" content=\"1 minute\" \/>\n<script type=\"application\/ld+json\" class=\"yoast-schema-graph\">{\"@context\":\"https:\/\/schema.org\",\"@graph\":[{\"@type\":\"WebPage\",\"@id\":\"https:\/\/zaxseaview.gr\/fr\/the-property\/\",\"url\":\"https:\/\/zaxseaview.gr\/fr\/the-property\/\",\"name\":\"LA R\u00c9SIDENCE - Zax Sea View Villas\",\"isPartOf\":{\"@id\":\"https:\/\/zaxseaview.gr\/#website\"},\"datePublished\":\"2023-01-11T08:08:41+00:00\",\"dateModified\":\"2023-07-27T10:26:00+00:00\",\"breadcrumb\":{\"@id\":\"https:\/\/zaxseaview.gr\/fr\/the-property\/#breadcrumb\"},\"inLanguage\":\"fr-FR\",\"potentialAction\":[{\"@type\":\"ReadAction\",\"target\":[\"https:\/\/zaxseaview.gr\/fr\/the-property\/\"]}]},{\"@type\":\"BreadcrumbList\",\"@id\":\"https:\/\/zaxseaview.gr\/fr\/the-property\/#breadcrumb\",\"itemListElement\":[{\"@type\":\"ListItem\",\"position\":1,\"name\":\"Home\",\"item\":\"https:\/\/zaxseaview.gr\/fr\/homepage\/\"},{\"@type\":\"ListItem\",\"position\":2,\"name\":\"LA R\u00c9SIDENCE\"}]},{\"@type\":\"WebSite\",\"@id\":\"https:\/\/zaxseaview.gr\/#website\",\"url\":\"https:\/\/zaxseaview.gr\/\",\"name\":\"Zax Sea View Villas\",\"description\":\"4 self-contained Villas in Ierapetra\",\"publisher\":{\"@id\":\"https:\/\/zaxseaview.gr\/#organization\"},\"potentialAction\":[{\"@type\":\"SearchAction\",\"target\":{\"@type\":\"EntryPoint\",\"urlTemplate\":\"https:\/\/zaxseaview.gr\/?s={search_term_string}\"},\"query-input\":{\"@type\":\"PropertyValueSpecification\",\"valueRequired\":true,\"valueName\":\"search_term_string\"}}],\"inLanguage\":\"fr-FR\"},{\"@type\":\"Organization\",\"@id\":\"https:\/\/zaxseaview.gr\/#organization\",\"name\":\"Zax Sea View Villas\",\"url\":\"https:\/\/zaxseaview.gr\/\",\"logo\":{\"@type\":\"ImageObject\",\"inLanguage\":\"fr-FR\",\"@id\":\"https:\/\/zaxseaview.gr\/#\/schema\/logo\/image\/\",\"url\":\"https:\/\/zaxseaview.gr\/wp-content\/uploads\/2022\/08\/ZAX-Sea-View.png\",\"contentUrl\":\"https:\/\/zaxseaview.gr\/wp-content\/uploads\/2022\/08\/ZAX-Sea-View.png\",\"width\":1326,\"height\":476,\"caption\":\"Zax Sea View Villas\"},\"image\":{\"@id\":\"https:\/\/zaxseaview.gr\/#\/schema\/logo\/image\/\"},\"sameAs\":[\"https:\/\/www.facebook.com\/zaxseaview\/\",\"https:\/\/www.youtube.com\/@zaxseaviewvillas\",\"https:\/\/www.instagram.com\/zaxseaviewvillas\"]}]}<\/script>\n<!-- \/ Yoast SEO plugin. -->","yoast_head_json":{"title":"LA R\u00c9SIDENCE - Zax Sea View Villas","robots":{"index":"index","follow":"follow","max-snippet":"max-snippet:-1","max-image-preview":"max-image-preview:large","max-video-preview":"max-video-preview:-1"},"canonical":"https:\/\/zaxseaview.gr\/fr\/the-property\/","og_locale":"fr_FR","og_type":"article","og_title":"LA R\u00c9SIDENCE - Zax Sea View Villas","og_description":"Notre complexe se compose de quatre villas ind\u00e9pendantes distinctes et enti\u00e8rement meubl\u00e9es. Chacune dispose d&rsquo;un balcon ou d\u2019une terrasse priv\u00e9e, d&rsquo;une cuisine compl\u00e8te, de salles de bains spacieuses, d&rsquo;une salle \u00e0 manger et d&rsquo;un salon, et d&rsquo;une vue sur la mer M\u00e9diterran\u00e9e qui n&rsquo;est pas obstru\u00e9e. Une aire de jeux, un balcon-salon, un espace barbecue... Continue Reading","og_url":"https:\/\/zaxseaview.gr\/fr\/the-property\/","og_site_name":"Zax Sea View Villas","article_publisher":"https:\/\/www.facebook.com\/zaxseaview\/","article_modified_time":"2023-07-27T10:26:00+00:00","twitter_card":"summary_large_image","twitter_misc":{"Dur\u00e9e de lecture estim\u00e9e":"1 minute"},"schema":{"@context":"https:\/\/schema.org","@graph":[{"@type":"WebPage","@id":"https:\/\/zaxseaview.gr\/fr\/the-property\/","url":"https:\/\/zaxseaview.gr\/fr\/the-property\/","name":"LA R\u00c9SIDENCE - Zax Sea View Villas","isPartOf":{"@id":"https:\/\/zaxseaview.gr\/#website"},"datePublished":"2023-01-11T08:08:41+00:00","dateModified":"2023-07-27T10:26:00+00:00","breadcrumb":{"@id":"https:\/\/zaxseaview.gr\/fr\/the-property\/#breadcrumb"},"inLanguage":"fr-FR","potentialAction":[{"@type":"ReadAction","target":["https:\/\/zaxseaview.gr\/fr\/the-property\/"]}]},{"@type":"BreadcrumbList","@id":"https:\/\/zaxseaview.gr\/fr\/the-property\/#breadcrumb","itemListElement":[{"@type":"ListItem","position":1,"name":"Home","item":"https:\/\/zaxseaview.gr\/fr\/homepage\/"},{"@type":"ListItem","position":2,"name":"LA R\u00c9SIDENCE"}]},{"@type":"WebSite","@id":"https:\/\/zaxseaview.gr\/#website","url":"https:\/\/zaxseaview.gr\/","name":"Zax Sea View Villas","description":"4 self-contained Villas in Ierapetra","publisher":{"@id":"https:\/\/zaxseaview.gr\/#organization"},"potentialAction":[{"@type":"SearchAction","target":{"@type":"EntryPoint","urlTemplate":"https:\/\/zaxseaview.gr\/?s={search_term_string}"},"query-input":{"@type":"PropertyValueSpecification","valueRequired":true,"valueName":"search_term_string"}}],"inLanguage":"fr-FR"},{"@type":"Organization","@id":"https:\/\/zaxseaview.gr\/#organization","name":"Zax Sea View Villas","url":"https:\/\/zaxseaview.gr\/","logo":{"@type":"ImageObject","inLanguage":"fr-FR","@id":"https:\/\/zaxseaview.gr\/#\/schema\/logo\/image\/","url":"https:\/\/zaxseaview.gr\/wp-content\/uploads\/2022\/08\/ZAX-Sea-View.png","contentUrl":"https:\/\/zaxseaview.gr\/wp-content\/uploads\/2022\/08\/ZAX-Sea-View.png","width":1326,"height":476,"caption":"Zax Sea View Villas"},"image":{"@id":"https:\/\/zaxseaview.gr\/#\/schema\/logo\/image\/"},"sameAs":["https:\/\/www.facebook.com\/zaxseaview\/","https:\/\/www.youtube.com\/@zaxseaviewvillas","https:\/\/www.instagram.com\/zaxseaviewvillas"]}]}},"_links":{"self":[{"href":"https:\/\/zaxseaview.gr\/fr\/wp-json\/wp\/v2\/pages\/8672","targetHints":{"allow":["GET"]}}],"collection":[{"href":"https:\/\/zaxseaview.gr\/fr\/wp-json\/wp\/v2\/pages"}],"about":[{"href":"https:\/\/zaxseaview.gr\/fr\/wp-json\/wp\/v2\/types\/page"}],"author":[{"embeddable":true,"href":"https:\/\/zaxseaview.gr\/fr\/wp-json\/wp\/v2\/users\/2"}],"replies":[{"embeddable":true,"href":"https:\/\/zaxseaview.gr\/fr\/wp-json\/wp\/v2\/comments?post=8672"}],"version-history":[{"count":4,"href":"https:\/\/zaxseaview.gr\/fr\/wp-json\/wp\/v2\/pages\/8672\/revisions"}],"predecessor-version":[{"id":8676,"href":"https:\/\/zaxseaview.gr\/fr\/wp-json\/wp\/v2\/pages\/8672\/revisions\/8676"}],"wp:attachment":[{"href":"https:\/\/zaxseaview.gr\/fr\/wp-json\/wp\/v2\/media?parent=8672"}],"curies":[{"name":"wp","href":"https:\/\/api.w.org\/{rel}","templated":true}]}}