{"id":8705,"date":"2021-05-10T13:11:44","date_gmt":"2021-05-10T10:11:44","guid":{"rendered":"https:\/\/zaxseaview.gr\/location\/"},"modified":"2023-07-27T13:47:13","modified_gmt":"2023-07-27T10:47:13","slug":"location","status":"publish","type":"page","link":"https:\/\/zaxseaview.gr\/fr\/location\/","title":{"rendered":"LIEU"},"content":{"rendered":"\t\t<div data-elementor-type=\"wp-page\" data-elementor-id=\"8705\" class=\"elementor elementor-8705 elementor-5302\">\n\t\t\t\t\t\t<section class=\"elementor-section elementor-top-section elementor-element elementor-element-1ca64fb9 elementor-section-full_width elementor-section-height-default elementor-section-height-default\" data-id=\"1ca64fb9\" data-element_type=\"section\">\n\t\t\t\t\t\t<div class=\"elementor-container elementor-column-gap-default\">\n\t\t\t\t\t<div class=\"elementor-column elementor-col-100 elementor-top-column elementor-element elementor-element-440b1d49\" data-id=\"440b1d49\" data-element_type=\"column\">\n\t\t\t<div class=\"elementor-widget-wrap elementor-element-populated\">\n\t\t\t\t\t\t<div class=\"elementor-element elementor-element-249b0a1a elementor-widget elementor-widget-heading\" data-id=\"249b0a1a\" data-element_type=\"widget\" data-widget_type=\"heading.default\">\n\t\t\t\t<div class=\"elementor-widget-container\">\n\t\t\t<h2 class=\"elementor-heading-title elementor-size-default\">Notre location<\/h2>\t\t<\/div>\n\t\t\t\t<\/div>\n\t\t\t\t<div class=\"elementor-element elementor-element-7458fea6 elementor-widget elementor-widget-text-editor\" data-id=\"7458fea6\" data-element_type=\"widget\" data-widget_type=\"text-editor.default\">\n\t\t\t\t<div class=\"elementor-widget-container\">\n\t\t\t\t\t\t\t<div><p>Nous sommes situ\u00e9s au sud de l&rsquo;\u00eele de Cr\u00e8te, dans le village de Koutsounari, pr\u00e8s de la ville de Ierapetra.<\/p><\/div>\t\t\t\t\t\t<\/div>\n\t\t\t\t<\/div>\n\t\t\t\t\t<\/div>\n\t\t<\/div>\n\t\t\t\t\t<\/div>\n\t\t<\/section>\n\t\t\t\t<section class=\"elementor-section elementor-top-section elementor-element elementor-element-3b96e42b elementor-section-boxed elementor-section-height-default elementor-section-height-default\" data-id=\"3b96e42b\" data-element_type=\"section\">\n\t\t\t\t\t\t<div class=\"elementor-container elementor-column-gap-default\">\n\t\t\t\t\t<div class=\"elementor-column elementor-col-50 elementor-top-column elementor-element elementor-element-f9af17e\" data-id=\"f9af17e\" data-element_type=\"column\">\n\t\t\t<div class=\"elementor-widget-wrap elementor-element-populated\">\n\t\t\t\t\t\t<div class=\"elementor-element elementor-element-44cd8c27 elementor-widget elementor-widget-heading\" data-id=\"44cd8c27\" data-element_type=\"widget\" data-widget_type=\"heading.default\">\n\t\t\t\t<div class=\"elementor-widget-container\">\n\t\t\t<h2 class=\"elementor-heading-title elementor-size-default\">Carte Google<\/h2>\t\t<\/div>\n\t\t\t\t<\/div>\n\t\t\t\t<div class=\"elementor-element elementor-element-4a71e233 elementor-widget elementor-widget-text-editor\" data-id=\"4a71e233\" data-element_type=\"widget\" data-widget_type=\"text-editor.default\">\n\t\t\t\t<div class=\"elementor-widget-container\">\n\t\t\t\t\t\t\t<p><iframe style=\"border: 0;\" src=\"https:\/\/www.google.com\/maps\/embed?pb=!1m18!1m12!1m3!1d3267.590083726977!2d25.82678241446726!3d35.016965073723135!2m3!1f0!2f0!3f0!3m2!1i1024!2i768!4f13.1!3m3!1m2!1s0x14907dc8b5cd49d1%3A0x8ec0c1f9efe71a69!2sZax%20sea%20view%20villas!5e0!3m2!1sen!2sgr!4v1674652062908!5m2!1sen!2sgr\" width=\"600\" height=\"450\" allowfullscreen=\"allowfullscreen\"><\/iframe><\/p>\t\t\t\t\t\t<\/div>\n\t\t\t\t<\/div>\n\t\t\t\t\t<\/div>\n\t\t<\/div>\n\t\t\t\t<div class=\"elementor-column elementor-col-50 elementor-top-column elementor-element elementor-element-45263855\" data-id=\"45263855\" data-element_type=\"column\">\n\t\t\t<div class=\"elementor-widget-wrap elementor-element-populated\">\n\t\t\t\t\t\t<div class=\"elementor-element elementor-element-71569ad0 elementor-widget elementor-widget-heading\" data-id=\"71569ad0\" data-element_type=\"widget\" data-widget_type=\"heading.default\">\n\t\t\t\t<div class=\"elementor-widget-container\">\n\t\t\t<h2 class=\"elementor-heading-title elementor-size-default\">Distances<\/h2>\t\t<\/div>\n\t\t\t\t<\/div>\n\t\t\t\t<div class=\"elementor-element elementor-element-1bcb37ef elementor-widget elementor-widget-text-editor\" data-id=\"1bcb37ef\" data-element_type=\"widget\" data-widget_type=\"text-editor.default\">\n\t\t\t\t<div class=\"elementor-widget-container\">\n\t\t\t\t\t\t\t<p>102 km (90 minutes de route) de l&rsquo;a\u00e9roport d&rsquo;H\u00e9raklion<br \/>9km ( 10 min de route) de la ville d&rsquo;Ierapetra<br \/>1.3km ( 15min de marche) de la plage<br \/>800 m\u00e8tres (10 minutes de marche) de l&rsquo;arr\u00eat de bus<br \/>100 &#8211; 1000 m\u00e8tres de la pharmacie, des restaurants, de la quincaillerie, des mini-march\u00e9s, des magasins de tourisme, des coiffeurs, des caf\u00e9s, etc.<br \/>50 km de la ville de Sitia<br \/>43 km de la ville d&rsquo;Aghios Nikolaos<br \/>240 km de la ville de La Can\u00e9e<\/p>\t\t\t\t\t\t<\/div>\n\t\t\t\t<\/div>\n\t\t\t\t\t<\/div>\n\t\t<\/div>\n\t\t\t\t\t<\/div>\n\t\t<\/section>\n\t\t\t\t<section class=\"elementor-section elementor-top-section elementor-element elementor-element-abb7b6e elementor-section-boxed elementor-section-height-default elementor-section-height-default\" data-id=\"abb7b6e\" data-element_type=\"section\">\n\t\t\t\t\t\t<div class=\"elementor-container elementor-column-gap-default\">\n\t\t\t\t\t<div class=\"elementor-column elementor-col-100 elementor-top-column elementor-element elementor-element-a595e54\" data-id=\"a595e54\" data-element_type=\"column\">\n\t\t\t<div class=\"elementor-widget-wrap elementor-element-populated\">\n\t\t\t\t\t\t<div class=\"elementor-element elementor-element-15e2531 elementor-widget elementor-widget-image\" data-id=\"15e2531\" data-element_type=\"widget\" data-widget_type=\"image.default\">\n\t\t\t\t<div class=\"elementor-widget-container\">\n\t\t\t\t\t\t\t\t\t\t\t\t\t<img fetchpriority=\"high\" decoding=\"async\" width=\"960\" height=\"989\" src=\"https:\/\/zaxseaview.gr\/wp-content\/uploads\/2023\/02\/FLIGHTS.jpg\" class=\"attachment-large size-large wp-image-8080\" alt=\"\" srcset=\"https:\/\/zaxseaview.gr\/wp-content\/uploads\/2023\/02\/FLIGHTS.jpg 967w, https:\/\/zaxseaview.gr\/wp-content\/uploads\/2023\/02\/FLIGHTS-291x300.jpg 291w, https:\/\/zaxseaview.gr\/wp-content\/uploads\/2023\/02\/FLIGHTS-768x791.jpg 768w\" sizes=\"(max-width: 960px) 100vw, 960px\" \/>\t\t\t\t\t\t\t\t\t\t\t\t\t<\/div>\n\t\t\t\t<\/div>\n\t\t\t\t\t<\/div>\n\t\t<\/div>\n\t\t\t\t\t<\/div>\n\t\t<\/section>\n\t\t\t\t<section class=\"elementor-section elementor-top-section elementor-element elementor-element-9e0f870 elementor-section-boxed elementor-section-height-default elementor-section-height-default\" data-id=\"9e0f870\" data-element_type=\"section\">\n\t\t\t\t\t\t<div class=\"elementor-container elementor-column-gap-default\">\n\t\t\t\t\t<div class=\"elementor-column elementor-col-100 elementor-top-column elementor-element elementor-element-f9477df\" data-id=\"f9477df\" data-element_type=\"column\">\n\t\t\t<div class=\"elementor-widget-wrap elementor-element-populated\">\n\t\t\t\t\t\t<div class=\"elementor-element elementor-element-12c3b2d elementor-widget elementor-widget-text-editor\" data-id=\"12c3b2d\" data-element_type=\"widget\" data-widget_type=\"text-editor.default\">\n\t\t\t\t<div class=\"elementor-widget-container\">\n\t\t\t\t\t\t\t<p style=\"text-align: center;\"><strong>Vols directs depuis l&rsquo;Europe.<\/strong><\/p><p style=\"text-align: center;\">L&rsquo;a\u00e9roport d&rsquo;H\u00e9raklion (HER) est le deuxi\u00e8me a\u00e9roport le plus fr\u00e9quent\u00e9 de Gr\u00e8ce apr\u00e8s Ath\u00e8nes. Il propose de nombreux vols directs \u00e0 des prix abordables en provenance de toutes les grandes villes europ\u00e9ennes.<\/p><p style=\"text-align: center;\"><a href=\"https:\/\/www.google.com\/flights\">https:\/\/www.google.com\/flights<\/a><\/p>\t\t\t\t\t\t<\/div>\n\t\t\t\t<\/div>\n\t\t\t\t\t<\/div>\n\t\t<\/div>\n\t\t\t\t\t<\/div>\n\t\t<\/section>\n\t\t\t\t<section class=\"elementor-section elementor-top-section elementor-element elementor-element-3c4860c elementor-section-boxed elementor-section-height-default elementor-section-height-default\" data-id=\"3c4860c\" data-element_type=\"section\">\n\t\t\t\t\t\t<div class=\"elementor-container elementor-column-gap-default\">\n\t\t\t\t\t<div class=\"elementor-column elementor-col-100 elementor-top-column elementor-element elementor-element-4a97293\" data-id=\"4a97293\" data-element_type=\"column\">\n\t\t\t<div class=\"elementor-widget-wrap elementor-element-populated\">\n\t\t\t\t\t\t<div class=\"elementor-element elementor-element-2e264f6 elementor-widget elementor-widget-image\" data-id=\"2e264f6\" data-element_type=\"widget\" data-widget_type=\"image.default\">\n\t\t\t\t<div class=\"elementor-widget-container\">\n\t\t\t\t\t\t\t\t\t\t\t\t\t<img decoding=\"async\" width=\"790\" height=\"701\" src=\"https:\/\/zaxseaview.gr\/wp-content\/uploads\/2023\/02\/carrent.jpg\" class=\"attachment-large size-large wp-image-8082\" alt=\"\" srcset=\"https:\/\/zaxseaview.gr\/wp-content\/uploads\/2023\/02\/carrent.jpg 790w, https:\/\/zaxseaview.gr\/wp-content\/uploads\/2023\/02\/carrent-300x266.jpg 300w, https:\/\/zaxseaview.gr\/wp-content\/uploads\/2023\/02\/carrent-768x681.jpg 768w\" sizes=\"(max-width: 790px) 100vw, 790px\" \/>\t\t\t\t\t\t\t\t\t\t\t\t\t<\/div>\n\t\t\t\t<\/div>\n\t\t\t\t\t<\/div>\n\t\t<\/div>\n\t\t\t\t\t<\/div>\n\t\t<\/section>\n\t\t\t\t<section class=\"elementor-section elementor-top-section elementor-element elementor-element-8819e1d elementor-section-boxed elementor-section-height-default elementor-section-height-default\" data-id=\"8819e1d\" data-element_type=\"section\">\n\t\t\t\t\t\t<div class=\"elementor-container elementor-column-gap-default\">\n\t\t\t\t\t<div class=\"elementor-column elementor-col-100 elementor-top-column elementor-element elementor-element-a9f7cb4\" data-id=\"a9f7cb4\" data-element_type=\"column\">\n\t\t\t<div class=\"elementor-widget-wrap elementor-element-populated\">\n\t\t\t\t\t\t<div class=\"elementor-element elementor-element-108052f elementor-widget elementor-widget-text-editor\" data-id=\"108052f\" data-element_type=\"widget\" data-widget_type=\"text-editor.default\">\n\t\t\t\t<div class=\"elementor-widget-container\">\n\t\t\t\t\t\t\t<p style=\"text-align: center;\">Louer une voiture \u00e0 l&rsquo;a\u00e9roport d&rsquo;H\u00e9raklion \u00e0 partir de 30 euros par jour. <\/p><p style=\"text-align: center;\"><a href=\"https:\/\/www.monzarentacar.com\/\"> https:\/\/www.monzarentacar.com\/<\/a><\/p>\t\t\t\t\t\t<\/div>\n\t\t\t\t<\/div>\n\t\t\t\t\t<\/div>\n\t\t<\/div>\n\t\t\t\t\t<\/div>\n\t\t<\/section>\n\t\t\t\t<section class=\"elementor-section elementor-top-section elementor-element elementor-element-ad2b124 elementor-section-boxed elementor-section-height-default elementor-section-height-default\" data-id=\"ad2b124\" data-element_type=\"section\">\n\t\t\t\t\t\t<div class=\"elementor-container elementor-column-gap-default\">\n\t\t\t\t\t<div class=\"elementor-column elementor-col-100 elementor-top-column elementor-element elementor-element-037027a\" data-id=\"037027a\" data-element_type=\"column\">\n\t\t\t<div class=\"elementor-widget-wrap elementor-element-populated\">\n\t\t\t\t\t\t<div class=\"elementor-element elementor-element-f96eea6 elementor-widget elementor-widget-image\" data-id=\"f96eea6\" data-element_type=\"widget\" data-widget_type=\"image.default\">\n\t\t\t\t<div class=\"elementor-widget-container\">\n\t\t\t\t\t\t\t\t\t\t\t\t\t<img decoding=\"async\" width=\"635\" height=\"791\" src=\"https:\/\/zaxseaview.gr\/wp-content\/uploads\/2023\/02\/thumbnail_IMG_4789.png\" class=\"attachment-large size-large wp-image-8054\" alt=\"\" srcset=\"https:\/\/zaxseaview.gr\/wp-content\/uploads\/2023\/02\/thumbnail_IMG_4789.png 635w, https:\/\/zaxseaview.gr\/wp-content\/uploads\/2023\/02\/thumbnail_IMG_4789-241x300.png 241w\" sizes=\"(max-width: 635px) 100vw, 635px\" \/>\t\t\t\t\t\t\t\t\t\t\t\t\t<\/div>\n\t\t\t\t<\/div>\n\t\t\t\t\t<\/div>\n\t\t<\/div>\n\t\t\t\t\t<\/div>\n\t\t<\/section>\n\t\t\t\t<section class=\"elementor-section elementor-top-section elementor-element elementor-element-a4dcc28 elementor-section-boxed elementor-section-height-default elementor-section-height-default\" data-id=\"a4dcc28\" data-element_type=\"section\">\n\t\t\t\t\t\t<div class=\"elementor-container elementor-column-gap-default\">\n\t\t\t\t\t<div class=\"elementor-column elementor-col-100 elementor-top-column elementor-element elementor-element-b0c1232\" data-id=\"b0c1232\" data-element_type=\"column\">\n\t\t\t<div class=\"elementor-widget-wrap elementor-element-populated\">\n\t\t\t\t\t\t<div class=\"elementor-element elementor-element-45a31f5 elementor-widget elementor-widget-text-editor\" data-id=\"45a31f5\" data-element_type=\"widget\" data-widget_type=\"text-editor.default\">\n\t\t\t\t<div class=\"elementor-widget-container\">\n\t\t\t\t\t\t\t<div style=\"text-align: center;\"><strong>Comment s&rsquo;y rendre<\/strong><\/div><div style=\"text-align: center;\">Depuis l&rsquo;a\u00e9roport d&rsquo;H\u00e9raklion, suivez les indications pour Aghios Nikolaos ou Ierapetra. Avant d&rsquo;arriver \u00e0 Agios Nikolaos, tournez \u00e0 droite vers Ierapetra. Dans la ville de Pachia Ammos, tourner \u00e0 droite vers Ierapetra. Avant d&rsquo;entrer dans Ierapetra, tourner \u00e0 gauche vers Makrygrialos ou Sitia. Continuer sur 8 km et tourner \u00e0 gauche au panneau indiquant Koutsounari ou Aghios Ioannis.<\/div><div style=\"text-align: center;\">Le complexe VIlla se trouve \u00e0 800 m\u00e8tres du panneau sur la route principale.<\/div>\t\t\t\t\t\t<\/div>\n\t\t\t\t<\/div>\n\t\t\t\t\t<\/div>\n\t\t<\/div>\n\t\t\t\t\t<\/div>\n\t\t<\/section>\n\t\t\t\t<\/div>\n\t\t","protected":false},"excerpt":{"rendered":"<p>Notre location Nous sommes situ\u00e9s au sud de l&rsquo;\u00eele de Cr\u00e8te, dans le village de Koutsounari, pr\u00e8s de la ville de Ierapetra. Carte Google Distances 102 km (90 minutes de route) de l&rsquo;a\u00e9roport d&rsquo;H\u00e9raklion9km ( 10 min de route) de la ville d&rsquo;Ierapetra1.3km ( 15min de marche) de la plage800 m\u00e8tres (10 minutes de marche)&#8230; <\/p>\n<div class=\"clear\"><\/div>\n<p><a href=\"https:\/\/zaxseaview.gr\/fr\/location\/\" class=\"excerpt-read-more\">Continue Reading<i class=\"fa fa-long-arrow-right icon-long-arrow-right\"><\/i><\/a><\/p>\n","protected":false},"author":2,"featured_media":0,"parent":0,"menu_order":0,"comment_status":"closed","ping_status":"closed","template":"","meta":{"_monsterinsights_skip_tracking":false,"_monsterinsights_sitenote_active":false,"_monsterinsights_sitenote_note":"","_monsterinsights_sitenote_category":0,"footnotes":""},"class_list":["post-8705","page","type-page","status-publish","hentry"],"yoast_head":"<!-- This site is optimized with the Yoast SEO plugin v27.0 - https:\/\/yoast.com\/product\/yoast-seo-wordpress\/ -->\n<title>LIEU - Zax Sea View Villas<\/title>\n<meta name=\"robots\" content=\"index, follow, max-snippet:-1, max-image-preview:large, max-video-preview:-1\" \/>\n<link rel=\"canonical\" href=\"https:\/\/zaxseaview.gr\/fr\/location\/\" \/>\n<meta property=\"og:locale\" content=\"fr_FR\" \/>\n<meta property=\"og:type\" content=\"article\" \/>\n<meta property=\"og:title\" content=\"LIEU - Zax Sea View Villas\" \/>\n<meta property=\"og:description\" content=\"Notre location Nous sommes situ\u00e9s au sud de l&rsquo;\u00eele de Cr\u00e8te, dans le village de Koutsounari, pr\u00e8s de la ville de Ierapetra. Carte Google Distances 102 km (90 minutes de route) de l&rsquo;a\u00e9roport d&rsquo;H\u00e9raklion9km ( 10 min de route) de la ville d&rsquo;Ierapetra1.3km ( 15min de marche) de la plage800 m\u00e8tres (10 minutes de marche)... Continue Reading\" \/>\n<meta property=\"og:url\" content=\"https:\/\/zaxseaview.gr\/fr\/location\/\" \/>\n<meta property=\"og:site_name\" content=\"Zax Sea View Villas\" \/>\n<meta property=\"article:publisher\" content=\"https:\/\/www.facebook.com\/zaxseaview\/\" \/>\n<meta property=\"article:modified_time\" content=\"2023-07-27T10:47:13+00:00\" \/>\n<meta property=\"og:image\" content=\"https:\/\/zaxseaview.gr\/wp-content\/uploads\/2023\/02\/FLIGHTS.jpg\" \/>\n\t<meta property=\"og:image:width\" content=\"967\" \/>\n\t<meta property=\"og:image:height\" content=\"996\" \/>\n\t<meta property=\"og:image:type\" content=\"image\/jpeg\" \/>\n<meta name=\"twitter:card\" content=\"summary_large_image\" \/>\n<meta name=\"twitter:label1\" content=\"Dur\u00e9e de lecture estim\u00e9e\" \/>\n\t<meta name=\"twitter:data1\" content=\"1 minute\" \/>\n<script type=\"application\/ld+json\" class=\"yoast-schema-graph\">{\"@context\":\"https:\/\/schema.org\",\"@graph\":[{\"@type\":\"WebPage\",\"@id\":\"https:\/\/zaxseaview.gr\/fr\/location\/\",\"url\":\"https:\/\/zaxseaview.gr\/fr\/location\/\",\"name\":\"LIEU - Zax Sea View Villas\",\"isPartOf\":{\"@id\":\"https:\/\/zaxseaview.gr\/#website\"},\"primaryImageOfPage\":{\"@id\":\"https:\/\/zaxseaview.gr\/fr\/location\/#primaryimage\"},\"image\":{\"@id\":\"https:\/\/zaxseaview.gr\/fr\/location\/#primaryimage\"},\"thumbnailUrl\":\"https:\/\/zaxseaview.gr\/wp-content\/uploads\/2023\/02\/FLIGHTS.jpg\",\"datePublished\":\"2021-05-10T10:11:44+00:00\",\"dateModified\":\"2023-07-27T10:47:13+00:00\",\"breadcrumb\":{\"@id\":\"https:\/\/zaxseaview.gr\/fr\/location\/#breadcrumb\"},\"inLanguage\":\"fr-FR\",\"potentialAction\":[{\"@type\":\"ReadAction\",\"target\":[\"https:\/\/zaxseaview.gr\/fr\/location\/\"]}]},{\"@type\":\"ImageObject\",\"inLanguage\":\"fr-FR\",\"@id\":\"https:\/\/zaxseaview.gr\/fr\/location\/#primaryimage\",\"url\":\"https:\/\/zaxseaview.gr\/wp-content\/uploads\/2023\/02\/FLIGHTS.jpg\",\"contentUrl\":\"https:\/\/zaxseaview.gr\/wp-content\/uploads\/2023\/02\/FLIGHTS.jpg\"},{\"@type\":\"BreadcrumbList\",\"@id\":\"https:\/\/zaxseaview.gr\/fr\/location\/#breadcrumb\",\"itemListElement\":[{\"@type\":\"ListItem\",\"position\":1,\"name\":\"Home\",\"item\":\"https:\/\/zaxseaview.gr\/fr\/homepage\/\"},{\"@type\":\"ListItem\",\"position\":2,\"name\":\"LIEU\"}]},{\"@type\":\"WebSite\",\"@id\":\"https:\/\/zaxseaview.gr\/#website\",\"url\":\"https:\/\/zaxseaview.gr\/\",\"name\":\"Zax Sea View Villas\",\"description\":\"4 self-contained Villas in Ierapetra\",\"publisher\":{\"@id\":\"https:\/\/zaxseaview.gr\/#organization\"},\"potentialAction\":[{\"@type\":\"SearchAction\",\"target\":{\"@type\":\"EntryPoint\",\"urlTemplate\":\"https:\/\/zaxseaview.gr\/?s={search_term_string}\"},\"query-input\":{\"@type\":\"PropertyValueSpecification\",\"valueRequired\":true,\"valueName\":\"search_term_string\"}}],\"inLanguage\":\"fr-FR\"},{\"@type\":\"Organization\",\"@id\":\"https:\/\/zaxseaview.gr\/#organization\",\"name\":\"Zax Sea View Villas\",\"url\":\"https:\/\/zaxseaview.gr\/\",\"logo\":{\"@type\":\"ImageObject\",\"inLanguage\":\"fr-FR\",\"@id\":\"https:\/\/zaxseaview.gr\/#\/schema\/logo\/image\/\",\"url\":\"https:\/\/zaxseaview.gr\/wp-content\/uploads\/2022\/08\/ZAX-Sea-View.png\",\"contentUrl\":\"https:\/\/zaxseaview.gr\/wp-content\/uploads\/2022\/08\/ZAX-Sea-View.png\",\"width\":1326,\"height\":476,\"caption\":\"Zax Sea View Villas\"},\"image\":{\"@id\":\"https:\/\/zaxseaview.gr\/#\/schema\/logo\/image\/\"},\"sameAs\":[\"https:\/\/www.facebook.com\/zaxseaview\/\",\"https:\/\/www.youtube.com\/@zaxseaviewvillas\",\"https:\/\/www.instagram.com\/zaxseaviewvillas\"]}]}<\/script>\n<!-- \/ Yoast SEO plugin. -->","yoast_head_json":{"title":"LIEU - Zax Sea View Villas","robots":{"index":"index","follow":"follow","max-snippet":"max-snippet:-1","max-image-preview":"max-image-preview:large","max-video-preview":"max-video-preview:-1"},"canonical":"https:\/\/zaxseaview.gr\/fr\/location\/","og_locale":"fr_FR","og_type":"article","og_title":"LIEU - Zax Sea View Villas","og_description":"Notre location Nous sommes situ\u00e9s au sud de l&rsquo;\u00eele de Cr\u00e8te, dans le village de Koutsounari, pr\u00e8s de la ville de Ierapetra. Carte Google Distances 102 km (90 minutes de route) de l&rsquo;a\u00e9roport d&rsquo;H\u00e9raklion9km ( 10 min de route) de la ville d&rsquo;Ierapetra1.3km ( 15min de marche) de la plage800 m\u00e8tres (10 minutes de marche)... Continue Reading","og_url":"https:\/\/zaxseaview.gr\/fr\/location\/","og_site_name":"Zax Sea View Villas","article_publisher":"https:\/\/www.facebook.com\/zaxseaview\/","article_modified_time":"2023-07-27T10:47:13+00:00","og_image":[{"width":967,"height":996,"url":"https:\/\/zaxseaview.gr\/wp-content\/uploads\/2023\/02\/FLIGHTS.jpg","type":"image\/jpeg"}],"twitter_card":"summary_large_image","twitter_misc":{"Dur\u00e9e de lecture estim\u00e9e":"1 minute"},"schema":{"@context":"https:\/\/schema.org","@graph":[{"@type":"WebPage","@id":"https:\/\/zaxseaview.gr\/fr\/location\/","url":"https:\/\/zaxseaview.gr\/fr\/location\/","name":"LIEU - Zax Sea View Villas","isPartOf":{"@id":"https:\/\/zaxseaview.gr\/#website"},"primaryImageOfPage":{"@id":"https:\/\/zaxseaview.gr\/fr\/location\/#primaryimage"},"image":{"@id":"https:\/\/zaxseaview.gr\/fr\/location\/#primaryimage"},"thumbnailUrl":"https:\/\/zaxseaview.gr\/wp-content\/uploads\/2023\/02\/FLIGHTS.jpg","datePublished":"2021-05-10T10:11:44+00:00","dateModified":"2023-07-27T10:47:13+00:00","breadcrumb":{"@id":"https:\/\/zaxseaview.gr\/fr\/location\/#breadcrumb"},"inLanguage":"fr-FR","potentialAction":[{"@type":"ReadAction","target":["https:\/\/zaxseaview.gr\/fr\/location\/"]}]},{"@type":"ImageObject","inLanguage":"fr-FR","@id":"https:\/\/zaxseaview.gr\/fr\/location\/#primaryimage","url":"https:\/\/zaxseaview.gr\/wp-content\/uploads\/2023\/02\/FLIGHTS.jpg","contentUrl":"https:\/\/zaxseaview.gr\/wp-content\/uploads\/2023\/02\/FLIGHTS.jpg"},{"@type":"BreadcrumbList","@id":"https:\/\/zaxseaview.gr\/fr\/location\/#breadcrumb","itemListElement":[{"@type":"ListItem","position":1,"name":"Home","item":"https:\/\/zaxseaview.gr\/fr\/homepage\/"},{"@type":"ListItem","position":2,"name":"LIEU"}]},{"@type":"WebSite","@id":"https:\/\/zaxseaview.gr\/#website","url":"https:\/\/zaxseaview.gr\/","name":"Zax Sea View Villas","description":"4 self-contained Villas in Ierapetra","publisher":{"@id":"https:\/\/zaxseaview.gr\/#organization"},"potentialAction":[{"@type":"SearchAction","target":{"@type":"EntryPoint","urlTemplate":"https:\/\/zaxseaview.gr\/?s={search_term_string}"},"query-input":{"@type":"PropertyValueSpecification","valueRequired":true,"valueName":"search_term_string"}}],"inLanguage":"fr-FR"},{"@type":"Organization","@id":"https:\/\/zaxseaview.gr\/#organization","name":"Zax Sea View Villas","url":"https:\/\/zaxseaview.gr\/","logo":{"@type":"ImageObject","inLanguage":"fr-FR","@id":"https:\/\/zaxseaview.gr\/#\/schema\/logo\/image\/","url":"https:\/\/zaxseaview.gr\/wp-content\/uploads\/2022\/08\/ZAX-Sea-View.png","contentUrl":"https:\/\/zaxseaview.gr\/wp-content\/uploads\/2022\/08\/ZAX-Sea-View.png","width":1326,"height":476,"caption":"Zax Sea View Villas"},"image":{"@id":"https:\/\/zaxseaview.gr\/#\/schema\/logo\/image\/"},"sameAs":["https:\/\/www.facebook.com\/zaxseaview\/","https:\/\/www.youtube.com\/@zaxseaviewvillas","https:\/\/www.instagram.com\/zaxseaviewvillas"]}]}},"_links":{"self":[{"href":"https:\/\/zaxseaview.gr\/fr\/wp-json\/wp\/v2\/pages\/8705","targetHints":{"allow":["GET"]}}],"collection":[{"href":"https:\/\/zaxseaview.gr\/fr\/wp-json\/wp\/v2\/pages"}],"about":[{"href":"https:\/\/zaxseaview.gr\/fr\/wp-json\/wp\/v2\/types\/page"}],"author":[{"embeddable":true,"href":"https:\/\/zaxseaview.gr\/fr\/wp-json\/wp\/v2\/users\/2"}],"replies":[{"embeddable":true,"href":"https:\/\/zaxseaview.gr\/fr\/wp-json\/wp\/v2\/comments?post=8705"}],"version-history":[{"count":4,"href":"https:\/\/zaxseaview.gr\/fr\/wp-json\/wp\/v2\/pages\/8705\/revisions"}],"predecessor-version":[{"id":8710,"href":"https:\/\/zaxseaview.gr\/fr\/wp-json\/wp\/v2\/pages\/8705\/revisions\/8710"}],"wp:attachment":[{"href":"https:\/\/zaxseaview.gr\/fr\/wp-json\/wp\/v2\/media?parent=8705"}],"curies":[{"name":"wp","href":"https:\/\/api.w.org\/{rel}","templated":true}]}}